{"id":1049,"date":"2024-06-19T09:13:27","date_gmt":"2024-06-19T09:13:27","guid":{"rendered":"https:\/\/puckopetrol.mk\/?page_id=1049"},"modified":"2024-07-30T15:30:14","modified_gmt":"2024-07-30T15:30:14","slug":"new-about-us","status":"publish","type":"page","link":"https:\/\/puckopetrol.mk\/al\/new-about-us\/","title":{"rendered":"New About Us"},"content":{"rendered":"<div data-elementor-type=\"wp-page\" data-elementor-id=\"1049\" class=\"elementor elementor-1049\" data-elementor-post-type=\"page\">\n\t\t\t\t\t\t<section class=\"elementor-section elementor-top-section elementor-element elementor-element-10c06f0 elementor-section-full_width herofixed elementor-section-height-default elementor-section-height-default\" data-id=\"10c06f0\" data-element_type=\"section\" data-e-type=\"section\" data-settings=\"{&quot;background_background&quot;:&quot;classic&quot;}\">\n\t\t\t\t\t\t\t<div class=\"elementor-background-overlay\"><\/div>\n\t\t\t\t\t\t\t<div class=\"elementor-container elementor-column-gap-default\">\n\t\t\t\t\t<div class=\"elementor-column elementor-col-50 elementor-top-column elementor-element elementor-element-153b4ac\" data-id=\"153b4ac\" data-element_type=\"column\" data-e-type=\"column\">\n\t\t\t<div class=\"elementor-widget-wrap\">\n\t\t\t\t\t\t\t<\/div>\n\t\t<\/div>\n\t\t\t\t<div class=\"elementor-column elementor-col-50 elementor-top-column elementor-element elementor-element-76ddd40\" data-id=\"76ddd40\" data-element_type=\"column\" data-e-type=\"column\">\n\t\t\t<div class=\"elementor-widget-wrap elementor-element-populated\">\n\t\t\t\t\t\t<div class=\"elementor-element elementor-element-2ffcf9a elementor-widget elementor-widget-heading\" data-id=\"2ffcf9a\" data-element_type=\"widget\" data-e-type=\"widget\" data-widget_type=\"heading.default\">\n\t\t\t\t<div class=\"elementor-widget-container\">\n\t\t\t\t\t<h2 class=\"elementor-heading-title elementor-size-default\">P\u00ebr NE<\/h2>\t\t\t\t<\/div>\n\t\t\t\t<\/div>\n\t\t<div class=\"elementor-element elementor-element-4000ba4 scrollcard e-con-full e-flex e-con e-parent\" data-id=\"4000ba4\" data-element_type=\"container\" data-e-type=\"container\">\n\t\t\t\t<div class=\"elementor-element elementor-element-31a3c09 elementor-widget elementor-widget-heading\" data-id=\"31a3c09\" data-element_type=\"widget\" data-e-type=\"widget\" data-widget_type=\"heading.default\">\n\t\t\t\t<div class=\"elementor-widget-container\">\n\t\t\t\t\t<h2 class=\"elementor-heading-title elementor-size-default\">Kompania jon\u00eb<\/h2>\t\t\t\t<\/div>\n\t\t\t\t<\/div>\n\t\t\t\t<div class=\"elementor-element elementor-element-a663cc5 elementor-widget elementor-widget-text-editor\" data-id=\"a663cc5\" data-element_type=\"widget\" data-e-type=\"widget\" data-widget_type=\"text-editor.default\">\n\t\t\t\t<div class=\"elementor-widget-container\">\n\t\t\t\t\t\t\t\t\t<p class=\"p1\">Pucko Petrol \u00ebsht\u00eb kompani e themeluar n\u00eb vitin 1992 me seli n\u00eb Plasnic\u00eb, Maqedonia e Veriut.<\/p><p class=\"p1\">N\u00eb at\u00eb koh\u00eb, kompania hapi pik\u00ebn e par\u00eb t\u00eb karburantit n\u00eb Plasnic\u00eb dhe me pun\u00ebn dhe p\u00ebrkushtimin\ne vazhduesh\u00ebm filloi t\u00eb nd\u00ebrtoj\u00eb historin\u00eb e saj t\u00eb suksesit.<\/p><p class=\"p2\">Nd\u00ebr vite, kompania ka zgj\u00ebruar rrjetin e pikave t\u00eb karburantit n\u00eb t\u00eb gjith\u00eb vendin, duke ecur n\u00eb hap\nme koh\u00ebn me nj\u00eb pamje moderne dhe sh\u00ebrbim t\u00eb pa t\u00eb met\u00eb. Historia e suksesit u nd\u00ebrtua nd\u00ebr vite\ns\u00eb bashku me mark\u00ebn Okta, e cila \u00ebsht\u00eb nj\u00eb konfirmim i funksionimit t\u00eb q\u00ebndruesh\u00ebm, t\u00eb besuesh\u00ebm\ndhe cil\u00ebsor t\u00eb kompanis\u00eb.<\/p><p class=\"p1\">Kompania aktualisht bashk\u00ebpunon me mbi 1500 kompani t\u00eb suksesshme q\u00eb p\u00ebrdorin produktet dhe\nsh\u00ebrbimet tona bazuar n\u00eb marr\u00ebveshje bashk\u00ebpunimi, duke p\u00ebrfshir\u00eb besnik\u00ebrin\u00eb, besueshm\u00ebrin\u00eb, burimin e besuesh\u00ebm t\u00eb furnizimit dhe cil\u00ebsin\u00eb. Kompania punon vazhdimisht p\u00ebr ruajtjen e cil\u00ebsis\u00eb\ns\u00eb karburanteve dhe sh\u00ebrbimeve, si dhe p\u00ebr zgj\u00ebrimin e rrjetit t\u00eb pikave t\u00eb karburantit n\u00eb rajon. <span class=\"s1\">continuously works on maintaining the quality of fuel and services, as well as expanding the network of petrol stations in the region. <\/span>Pjes\u00eb e r\u00ebnd\u00ebsishme e list\u00ebs son\u00eb t\u00eb referenc\u00ebs jan\u00eb sh\u00ebrbimet shtet\u00ebrore, nd\u00ebrmarrjet publike\nkomunale , ministrit\u00eb, universitetet, shkollat \u200b\u200bfillore dhe t\u00eb mesme, kopshtet e f\u00ebmij\u00ebve, nd\u00ebrmarrjet\nprivate dhe p\u00ebrfaq\u00ebsit\u00eb diplomatike dhe konsullare. Kompania \u00ebsht\u00eb renditur nd\u00ebr 50 kompanit\u00eb m\u00eb\nt\u00eb suksesshme dhe nd\u00ebr 100 kompanit\u00eb<span class=\"s2\"><sup>th<\/sup><\/span> m\u00eb t\u00eb m\u00ebdha n\u00eb Maqedonin\u00eb e Veriut.<\/p>\t\t\t\t\t\t\t\t<\/div>\n\t\t\t\t<\/div>\n\t\t\t\t<div class=\"elementor-element elementor-element-86d303a elementor-widget elementor-widget-video\" data-id=\"86d303a\" data-element_type=\"widget\" data-e-type=\"widget\" data-settings=\"{&quot;video_type&quot;:&quot;hosted&quot;,&quot;controls&quot;:&quot;yes&quot;}\" data-widget_type=\"video.default\">\n\t\t\t\t<div class=\"elementor-widget-container\">\n\t\t\t\t\t\t\t<div class=\"e-hosted-video elementor-wrapper elementor-open-inline\">\n\t\t\t\t\t<video class=\"elementor-video\" src=\"https:\/\/puckopetrol.mk\/wp-content\/uploads\/2023\/04\/Pucko-Petrol-FINAL-HD-1080P.mp4\" controls=\"\" preload=\"metadata\" controlslist=\"nodownload\"><\/video>\n\t\t\t\t<\/div>\n\t\t\t\t\t\t<\/div>\n\t\t\t\t<\/div>\n\t\t\t\t<div class=\"elementor-element elementor-element-4d173de elementor-widget elementor-widget-heading\" data-id=\"4d173de\" data-element_type=\"widget\" data-e-type=\"widget\" data-widget_type=\"heading.default\">\n\t\t\t\t<div class=\"elementor-widget-container\">\n\t\t\t\t\t<h2 class=\"elementor-heading-title elementor-size-default\">Vision,Mission &amp; Strategic objectives<\/h2>\t\t\t\t<\/div>\n\t\t\t\t<\/div>\n\t\t\t\t<div class=\"elementor-element elementor-element-b6d8caf elementor-widget elementor-widget-text-editor\" data-id=\"b6d8caf\" data-element_type=\"widget\" data-e-type=\"widget\" data-widget_type=\"text-editor.default\">\n\t\t\t\t<div class=\"elementor-widget-container\">\n\t\t\t\t\t\t\t\t\t<p class=\"p1\">Vizioni yn\u00eb \u00ebsht\u00eb t\u00eb jemi kompania m\u00eb e mir\u00eb dhe m\u00eb e madhe e naft\u00ebs n\u00eb rajon q\u00eb do t\u00eb\nk\u00ebnaq\u00eb t\u00eb gjitha nevojat dhe d\u00ebshirat e konsumator\u00ebve n\u00eb m\u00ebnyr\u00eb ekonomike, t\u00eb sigurt\u00eb dhe me mjedisin jet\u00ebsor. Ne jemi dhe duam t\u00eb mbetemi zgjedhja e par\u00eb e konsumator\u00ebve.<\/p><p class=\"p3\">Misioni yn\u00eb \u00ebsht\u00eb t\u00eb arrijm\u00eb vazhdimisht nivele m\u00eb t\u00eb larta t\u00eb p\u00ebrsosm\u00ebris\u00eb operacionale dhe\nt\u00eb \u00e7ojm\u00eb efikasitetin ton\u00eb drejt p\u00ebrsosm\u00ebris\u00eb. K\u00ebnaq\u00ebsia dhe synimet e aksioner\u00ebve t\u00eb\nkompanis\u00eb, t\u00eb cilat jan\u00eb vazhdimisht n\u00eb rritje, rrumbullaksohen nga puna besnike dhe e\np\u00ebrkushtuar e ekipit me p\u00ebrvoj\u00eb dhe profesional t\u00eb punonj\u00ebsve. Ne jemi t\u00eb p\u00ebrkushtuar p\u00ebr t\u00eb\narritur sukses t\u00eb q\u00ebndruesh\u00ebm t\u00eb biznesit me fokus n\u00eb sa vijon:<\/p><ul class=\"ul1\"><li class=\"li4\">Ruajtja e sistemit ton\u00eb t\u00eb q\u00ebndruesh\u00ebm dhe t\u00eb fuqish\u00ebm t\u00eb menaxhimit;<\/li><li class=\"li4\">Zbatimi i sistemit m\u00eb t\u00eb fundit dhe m\u00eb t\u00eb madh t\u00eb teknologjis\u00eb moderne<\/li><li class=\"li4\">Ruajtja e cil\u00ebsis\u00eb m\u00eb t\u00eb mir\u00eb t\u00eb produkteve tona;<\/li><li class=\"li4\">Ruajtja e siguris\u00eb s\u00eb mjedisit ton\u00eb;<\/li><li class=\"li4\">Mund\u00ebsimi i p\u00ebrfitimeve p\u00ebr aksionar\u00ebt tan\u00eb;<\/li><\/ul>\t\t\t\t\t\t\t\t<\/div>\n\t\t\t\t<\/div>\n\t\t\t\t<div class=\"elementor-element elementor-element-ada6bbf elementor-widget elementor-widget-heading\" data-id=\"ada6bbf\" data-element_type=\"widget\" data-e-type=\"widget\" data-widget_type=\"heading.default\">\n\t\t\t\t<div class=\"elementor-widget-container\">\n\t\t\t\t\t<h2 class=\"elementor-heading-title elementor-size-default\">Certifikatat dhe licencat\n<\/h2>\t\t\t\t<\/div>\n\t\t\t\t<\/div>\n\t\t\t\t<div class=\"elementor-element elementor-element-e6d7e72 elementor-widget elementor-widget-text-editor\" data-id=\"e6d7e72\" data-element_type=\"widget\" data-e-type=\"widget\" data-widget_type=\"text-editor.default\">\n\t\t\t\t<div class=\"elementor-widget-container\">\n\t\t\t\t\t\t\t\t\t<p class=\"p1\">Pucko Petrol posedon certifikata p\u00ebr sistemin e menaxhimit t\u00eb cil\u00ebsis\u00eb dhe sistemin e\nmenaxhimit t\u00eb mjedisit jet\u00ebsor.<\/p><p class=\"p1\">Certifikata ISO 9001 konfirmon aft\u00ebsin\u00eb e kompanis\u00eb p\u00ebr t\u00eb ofruar vazhdimisht produkt q\u00eb i\nplot\u00ebson nevojat dhe pritshm\u00ebrit\u00eb e konsumator\u00ebve, si dhe k\u00ebrkesat ligjore dhe rregullatore, nd\u00ebrsa certifikata ISO 14001 konfirmon p\u00ebrgjegj\u00ebsin\u00eb dhe kujdesin e kompanis\u00eb p\u00ebr mjedisin jet\u00ebsior n\u00ebp\u00ebrmjet themelimit , zbatimit, ruajtjes dhe p\u00ebrmir\u00ebsimit t\u00eb\nmenaxhmimit t\u00eb mjedisit jet\u00ebsor.<\/p><p class=\"p1\">P\u00ebrve\u00e7 certifikatave, sipas legjislacionit n\u00eb fuqi t\u00eb vendit, kompania posedon licenca t\u00eb\nvlefshme p\u00ebr:<\/p><ul class=\"ul1\"><li class=\"li1\">Tregtin\u00eb e naft\u00ebs dhe derivateve t\u00eb naft\u00ebs dhe bio-karburanteve n\u00eb tregun vendas dhe\njasht\u00eb tij;<\/li><li class=\"li1\">Shitje me pakic\u00eb t\u00eb naft\u00ebs dhe derivateve t\u00eb saj p\u00ebrmes filialeve ose pikave t\u00eb hapura t\u00eb\nkarburantit;<\/li><li class=\"li1\">Licenca p\u00ebr magazinimin e karburanteve n\u00eb magazinat e nd\u00ebrtuara vet\u00eb n\u00eb fshatin\nPlasnic\u00eb;<\/li><li class=\"li1\">Leje p\u00ebr transportin e substancave t\u00eb rrezikshme;<\/li><li class=\"li1\">Licenc\u00eb p\u00ebr transport publik n\u00eb trafikun e brendsh\u00ebm;<\/li><li class=\"li1\">Licenc\u00eb p\u00ebr import dhe eksport t\u00eb naft\u00ebs dhe derivateve t\u00eb naft\u00ebs<\/li><\/ul>\t\t\t\t\t\t\t\t<\/div>\n\t\t\t\t<\/div>\n\t\t\t\t<div class=\"elementor-element elementor-element-1cdae41 elementor-widget elementor-widget-text-editor\" data-id=\"1cdae41\" data-element_type=\"widget\" data-e-type=\"widget\" data-widget_type=\"text-editor.default\">\n\t\t\t\t<div class=\"elementor-widget-container\">\n\t\t\t\t\t\t\t\t\t<p data-pm-slice=\"1 1 []\">Pucko Petrol posedon certifikata p\u00ebr sistemin e menaxhimit t\u00eb cil\u00ebsis\u00eb dhe sistemin e\nmenaxhimit t\u00eb mjedisit jet\u00ebsor.<\/p><p>Certifikata ISO 9001 konfirmon aft\u00ebsin\u00eb e kompanis\u00eb p\u00ebr t\u00eb ofruar vazhdimisht nj\u00eb produkt\nq\u00eb plot\u00ebson nevojat dhe pritshm\u00ebrit\u00eb e konsumator\u00ebve, si dhe k\u00ebrkesat ligjore dhe\nrregullatore n\u00eb fuqi, nd\u00ebrsa certifikata ISO 14001 konfirmon p\u00ebrgjegj\u00ebsin\u00eb dhe kujdesin e\nkompanis\u00eb p\u00ebr mjedisin jet\u00ebsor duke krijuar, zbatuar , ruajtjen dhe p\u00ebrmir\u00ebsimin e\nmenaxhimit t\u00eb mjedisit jet\u00ebsor.<\/p><p>P\u00ebrve\u00e7 certifikatave, sipas legjislacionit n\u00eb fuqi t\u00eb vendit, kompania posedon licenca t\u00eb\nvlefshme p\u00ebr:<\/p><ul><li>Tregtin\u00eb e naft\u00ebs dhe derivateve t\u00eb naft\u00ebs dhe bio-karburanteve n\u00eb tregun vendas dhe\njasht\u00eb tij;<\/li><li>Shitje me pakic\u00eb t\u00eb naft\u00ebs dhe derivateve t\u00eb saj p\u00ebrmes filialeve ose pikave t\u00eb hapura t\u00eb\nkarburantit;<\/li><li>Licenca p\u00ebr magazinimin e karburanteve n\u00eb magazinat e nd\u00ebrtuara vet\u00eb n\u00eb fshatin\nPlasnic\u00eb;<\/li><li>Leje p\u00ebr transportin e substancave t\u00eb rrezikshme;<\/li><li>Licenc\u00eb p\u00ebr transport publik n\u00eb trafikun e brendsh\u00ebm;<\/li><li>Licenc\u00eb p\u00ebr import dhe eksport t\u00eb naft\u00ebs dhe derivateve t\u00eb naft\u00ebs<\/li><\/ul>\t\t\t\t\t\t\t\t<\/div>\n\t\t\t\t<\/div>\n\t\t<div class=\"elementor-element elementor-element-550edef e-flex e-con-boxed e-con e-child\" data-id=\"550edef\" data-element_type=\"container\" data-e-type=\"container\">\n\t\t\t\t\t<div class=\"e-con-inner\">\n\t\t\t\t<div class=\"elementor-element elementor-element-3eb8173 elementor-widget elementor-widget-image\" data-id=\"3eb8173\" data-element_type=\"widget\" data-e-type=\"widget\" data-widget_type=\"image.default\">\n\t\t\t\t<div class=\"elementor-widget-container\">\n\t\t\t\t\t\t\t\t\t\t\t\t\t\t\t\t<a href=\"\/wp-content\/uploads\/2024\/06\/ISO-9001.pdf\">\n\t\t\t\t\t\t\t<img fetchpriority=\"high\" decoding=\"async\" width=\"612\" height=\"792\" src=\"https:\/\/puckopetrol.mk\/wp-content\/uploads\/2024\/06\/ISO-9001-1.png\" class=\"attachment-large size-large wp-image-1290\" alt=\"\" srcset=\"https:\/\/puckopetrol.mk\/wp-content\/uploads\/2024\/06\/ISO-9001-1.png 612w, https:\/\/puckopetrol.mk\/wp-content\/uploads\/2024\/06\/ISO-9001-1-232x300.png 232w, https:\/\/puckopetrol.mk\/wp-content\/uploads\/2024\/06\/ISO-9001-1-9x12.png 9w\" sizes=\"(max-width: 612px) 100vw, 612px\" \/>\t\t\t\t\t\t\t\t<\/a>\n\t\t\t\t\t\t\t\t\t\t\t\t\t\t\t<\/div>\n\t\t\t\t<\/div>\n\t\t\t\t<div class=\"elementor-element elementor-element-7eb7b10 elementor-widget elementor-widget-image\" data-id=\"7eb7b10\" data-element_type=\"widget\" data-e-type=\"widget\" data-widget_type=\"image.default\">\n\t\t\t\t<div class=\"elementor-widget-container\">\n\t\t\t\t\t\t\t\t\t\t\t\t\t\t\t\t<a href=\"\/wp-content\/uploads\/2024\/06\/ISO-14001.pdf\">\n\t\t\t\t\t\t\t<img decoding=\"async\" width=\"612\" height=\"792\" src=\"https:\/\/puckopetrol.mk\/wp-content\/uploads\/2024\/06\/ISO-14001.png\" class=\"attachment-large size-large wp-image-1294\" alt=\"\" srcset=\"https:\/\/puckopetrol.mk\/wp-content\/uploads\/2024\/06\/ISO-14001.png 612w, https:\/\/puckopetrol.mk\/wp-content\/uploads\/2024\/06\/ISO-14001-232x300.png 232w, https:\/\/puckopetrol.mk\/wp-content\/uploads\/2024\/06\/ISO-14001-9x12.png 9w\" sizes=\"(max-width: 612px) 100vw, 612px\" \/>\t\t\t\t\t\t\t\t<\/a>\n\t\t\t\t\t\t\t\t\t\t\t\t\t\t\t<\/div>\n\t\t\t\t<\/div>\n\t\t\t\t\t<\/div>\n\t\t\t\t<\/div>\n\t\t\t\t<\/div>\n\t\t\t\t\t<\/div>\n\t\t<\/div>\n\t\t\t\t\t<\/div>\n\t\t<\/section>\n\t\t\t\t<\/div>","protected":false},"excerpt":{"rendered":"<p>\/\/ ABOUT Our Company Pucko Petrol is a company founded in 1992, headquartered in Plasnica, N.Macedonia. Back then the company opened the first petrol station in Plasnica and with its continuous hard work and dedication started to build up its successful story. Over the years, the company has been expanding its network of petrol stations [&hellip;]<\/p>\n","protected":false},"author":1,"featured_media":0,"parent":0,"menu_order":5,"comment_status":"closed","ping_status":"closed","template":"elementor_header_footer","meta":{"footnotes":""},"class_list":["post-1049","page","type-page","status-publish","hentry"],"_links":{"self":[{"href":"https:\/\/puckopetrol.mk\/al\/wp-json\/wp\/v2\/pages\/1049","targetHints":{"allow":["GET"]}}],"collection":[{"href":"https:\/\/puckopetrol.mk\/al\/wp-json\/wp\/v2\/pages"}],"about":[{"href":"https:\/\/puckopetrol.mk\/al\/wp-json\/wp\/v2\/types\/page"}],"author":[{"embeddable":true,"href":"https:\/\/puckopetrol.mk\/al\/wp-json\/wp\/v2\/users\/1"}],"replies":[{"embeddable":true,"href":"https:\/\/puckopetrol.mk\/al\/wp-json\/wp\/v2\/comments?post=1049"}],"version-history":[{"count":149,"href":"https:\/\/puckopetrol.mk\/al\/wp-json\/wp\/v2\/pages\/1049\/revisions"}],"predecessor-version":[{"id":1649,"href":"https:\/\/puckopetrol.mk\/al\/wp-json\/wp\/v2\/pages\/1049\/revisions\/1649"}],"wp:attachment":[{"href":"https:\/\/puckopetrol.mk\/al\/wp-json\/wp\/v2\/media?parent=1049"}],"curies":[{"name":"wp","href":"https:\/\/api.w.org\/{rel}","templated":true}]}}