{"id":1688,"date":"2024-08-05T10:53:58","date_gmt":"2024-08-05T10:53:58","guid":{"rendered":"https:\/\/puckopetrol.mk\/?page_id=1688"},"modified":"2024-08-27T07:45:01","modified_gmt":"2024-08-27T07:45:01","slug":"privacy-policy-personal-data","status":"publish","type":"page","link":"https:\/\/puckopetrol.mk\/al\/privacy-policy-personal-data\/","title":{"rendered":"Politika e privat\u00ebsis\u00eb p\u00ebr t\u00eb dh\u00ebnat personale"},"content":{"rendered":"<div data-elementor-type=\"wp-page\" data-elementor-id=\"1688\" class=\"elementor elementor-1688\" data-elementor-post-type=\"page\">\n\t\t\t\t\t\t<section class=\"elementor-section elementor-top-section elementor-element elementor-element-508749fd elementor-section-full_width herofixed elementor-section-height-default elementor-section-height-default\" data-id=\"508749fd\" data-element_type=\"section\" data-e-type=\"section\" data-settings=\"{&quot;background_background&quot;:&quot;classic&quot;}\">\n\t\t\t\t\t\t\t<div class=\"elementor-background-overlay\"><\/div>\n\t\t\t\t\t\t\t<div class=\"elementor-container elementor-column-gap-default\">\n\t\t\t\t\t<div class=\"elementor-column elementor-col-50 elementor-top-column elementor-element elementor-element-3dbe3b1e\" data-id=\"3dbe3b1e\" data-element_type=\"column\" data-e-type=\"column\">\n\t\t\t<div class=\"elementor-widget-wrap\">\n\t\t\t\t\t\t\t<\/div>\n\t\t<\/div>\n\t\t\t\t<div class=\"elementor-column elementor-col-50 elementor-top-column elementor-element elementor-element-f91f701\" data-id=\"f91f701\" data-element_type=\"column\" data-e-type=\"column\">\n\t\t\t<div class=\"elementor-widget-wrap elementor-element-populated\">\n\t\t\t\t\t\t<div class=\"elementor-element elementor-element-725cfcb4 elementor-widget elementor-widget-heading\" data-id=\"725cfcb4\" data-element_type=\"widget\" data-e-type=\"widget\" data-widget_type=\"heading.default\">\n\t\t\t\t<div class=\"elementor-widget-container\">\n\t\t\t\t\t<h2 class=\"elementor-heading-title elementor-size-default\">\/\/ Privacy Policy<\/h2>\t\t\t\t<\/div>\n\t\t\t\t<\/div>\n\t\t<div class=\"elementor-element elementor-element-51975771 scrollcard e-flex e-con-boxed e-con e-parent\" data-id=\"51975771\" data-element_type=\"container\" data-e-type=\"container\">\n\t\t\t\t\t<div class=\"e-con-inner\">\n\t\t\t\t<div class=\"elementor-element elementor-element-1c027792 elementor-widget elementor-widget-heading\" data-id=\"1c027792\" data-element_type=\"widget\" data-e-type=\"widget\" data-widget_type=\"heading.default\">\n\t\t\t\t<div class=\"elementor-widget-container\">\n\t\t\t\t\t<h2 class=\"elementor-heading-title elementor-size-default\">Politika e privat\u00ebsis\u00eb p\u00ebr t\u00eb dh\u00ebnat personale<\/h2>\t\t\t\t<\/div>\n\t\t\t\t<\/div>\n\t\t\t\t<div class=\"elementor-element elementor-element-26065235 elementor-widget elementor-widget-text-editor\" data-id=\"26065235\" data-element_type=\"widget\" data-e-type=\"widget\" data-widget_type=\"text-editor.default\">\n\t\t\t\t<div class=\"elementor-widget-container\">\n\t\t\t\t\t\t\t\t\t<p style=\"font-weight: 400;\">Kjo Politik\u00eb e privat\u00ebsis\u00eb rregullon m\u00ebnyr\u00ebn n\u00eb t\u00eb cil\u00ebn DPTU Pucko Petrol SHPKNJP mbledh, p\u00ebrdor,\nmir\u00ebmban dhe zbulon t\u00eb dh\u00ebnat nga p\u00ebrdoruesit q\u00eb vizitojn\u00eb web-faqen\u00a0\u00a0<a href=\"https:\/\/puckopetrol.mk\/al\/\" data-saferedirecturl=\"https:\/\/www.google.com\/url?q=http:\/\/www.puckopetrol.mk&amp;source=gmail&amp;ust=1722939234517000&amp;usg=AOvVaw3P_gtjVZI5GuwFaDZ9vRcX\">www.puckopetrol.mk<\/a>\u00a0DPTU Pucko Petrol SHPKNJP obligohet t\u00eb mbroj\u00eb t\u00eb dh\u00ebnat tuaja personale nga aksesi dhe p\u00ebrdorimi\ni paautorizuar, duke zbatuar standardet n\u00eb p\u00ebrputhje me rregulloret ligjore dhe aktet n\u00ebnligjore q\u00eb\nlidhen me mbrojtjen e t\u00eb dh\u00ebnave personale. DPTU Pucko Petrol SHPKNJP me seli n\u00eb Plasnic\u00eb,\nRepublika e Maqedonis\u00eb s\u00eb Veriut \u00ebsht\u00eb kontrollues i mbledhjes s\u00eb t\u00eb dh\u00ebnave personale. DPTU\nPucko Petrol SHPKNJP p\u00ebrpunon t\u00eb dh\u00ebnat personale p\u00ebr t\u00eb p\u00ebrmir\u00ebsuar p\u00ebrmbajtjen dhe\nfunksionalitetin e web-faqes , duke p\u00ebrdorur vet\u00ebm t\u00eb dh\u00ebnat e ofruara nga ju. Kjo politik\u00eb e\nprivat\u00ebsis\u00eb zbatohet ekskluzivisht p\u00ebr web- faqen e DPTU Pucko Petrol SHPKNJP dhe n\u00ebnfushat e saj.\nLidhjet me web-faqet e tjera nuk p\u00ebrfshihrn nga kjo politik\u00eb dhe DPTU Pucko Petrol SHPKNJP nuk\n\u00ebsht\u00eb p\u00ebrgjegj\u00ebse p\u00ebr mbrojtjen e t\u00eb dh\u00ebnave personale n\u00eb ato sajte. T\u00eb dh\u00ebnat tuaja personale do\nt\u00eb p\u00ebrdoren p\u00ebr t&#039;ju ofruar p\u00ebrfitime dhe p\u00ebrdit\u00ebsime t\u00eb ofruara nga DPTU Pucko Petrol SHPKNJP.<\/p><p style=\"font-weight: 400;\">T\u00eb dh\u00ebnat mund t\u00eb mblidhen kur vizitoni web-faqen ton\u00eb , aplikoni p\u00ebr nj\u00eb pun\u00eb, merrni pjes\u00eb n\u00eb nj\u00eb\nngjarje, jepni informacione p\u00ebr vizit-kart\u00ebn, abonoheni n\u00eb e-lajmet, p\u00ebrfaq\u00ebsoni organizat\u00ebn tuaj ose\nparaqisni nj\u00eb k\u00ebrkes\u00eb p\u00ebr informacione. N\u00ebse vendosni p\u00ebr marrjen e lajmeve dhe p\u00ebrdit\u00ebsime,\nadresa juaj e e-mailit do t\u00eb p\u00ebrdoret ekskluzivisht p\u00ebr k\u00ebt\u00eb q\u00ebllim. Mund t\u00eb \u00e7regjistroheni n\u00eb \u00e7do\nkoh\u00eb dhe adresa juaj e e-mailit do t\u00eb hiqet p\u00ebrgjithmon\u00eb nga data baza jon\u00eb. Kur vizitoni web- faqen\nton\u00eb , identifikoheni ose lini nj\u00eb koment, mund t&#039;ju k\u00ebrkojm\u00eb emrin, mbiemrin, kompanin\u00eb,\ntelefonin, e-mailin dhe adres\u00ebn tuaj. K\u00ebta informacione p\u00ebrdoren p\u00ebr t&#039;iu p\u00ebrgjigjur nevojave tuaja\ndhe p\u00ebr t\u00eb siguruar sh\u00ebrbime dhe mb\u00ebshtetje efektive.Do t&#039;ju p\u00ebrgjigjemi mesazheve ose pyetjeve\nt\u00eb d\u00ebrguara me e-mail n\u00eb adres\u00ebn e d\u00ebrguesit. E-maili i juaj nuk do t\u00eb p\u00ebrdoret p\u00ebr asnj\u00eb q\u00ebllim tjet\u00ebr\ndhe nuk do t\u00eb ndahet me pal\u00ebt e treta, p\u00ebrve\u00e7se p\u00ebr t&#039;iu p\u00ebrgjigjur k\u00ebrkes\u00ebs suaj.<\/p><p style=\"font-weight: 400;\">DPTU Pucko Petrol SHPKNJP rezervon t\u00eb drejt\u00ebn t\u00eb zbuloj\u00eb t\u00eb dh\u00ebnat tuaja personale n\u00ebse k\u00ebrkohet\nme ligj ose n\u00ebse \u00ebsht\u00eb e nevojshme n\u00eb procedurat ligjore p\u00ebr t\u00eb mbrojtur interesat tona t\u00eb biznesit\ndhe ato t\u00eb p\u00ebrdoruesve tan\u00eb. Qasja n\u00eb t\u00eb dh\u00ebnat tuaja personale n\u00eb kuad\u00ebr t\u00eb DPTU Pucko Petrol\nSHPKNJP \u00ebsht\u00eb e kufizuar p\u00ebr ata punonj\u00ebs q\u00eb kan\u00eb nevoj\u00eb p\u00ebr t&#039;ju siguruar sh\u00ebrbimet e k\u00ebrkuara.\nDPTU Pucko Petrol SHPKNJP nd\u00ebrmerr t\u00eb gjitha masat e nevojshme teknike dhe organizative p\u00ebr\nmbrojtjen e t\u00eb dh\u00ebnave personale nga aksesi, zbulimi, p\u00ebrpunimi dhe abuzimi i paautorizuar.\nT\u00eb dh\u00ebnat e mbledhura nga DPTU Pucko Petrol AHPKNJP ruhen n\u00eb p\u00ebrputhje me ligjin dhe p\u00ebr\nperiudh\u00ebn e nevojshme p\u00ebr arritjen e q\u00ebllimit t\u00eb p\u00ebrpunimit. Pas k\u00ebsaj periudhe ato do t\u00eb fshihen\nnga sistemi i DPTU Pucko Petrol SHPKNJP.<\/p>\t\t\t\t\t\t\t\t<\/div>\n\t\t\t\t<\/div>\n\t\t\t\t<div class=\"elementor-element elementor-element-299013d elementor-widget elementor-widget-heading\" data-id=\"299013d\" data-element_type=\"widget\" data-e-type=\"widget\" data-widget_type=\"heading.default\">\n\t\t\t\t<div class=\"elementor-widget-container\">\n\t\t\t\t\t<h2 class=\"elementor-heading-title elementor-size-default\">Politika e privat\u00ebsis\u00eb<\/h2>\t\t\t\t<\/div>\n\t\t\t\t<\/div>\n\t\t\t\t<div class=\"elementor-element elementor-element-42994c54 elementor-widget elementor-widget-text-editor\" data-id=\"42994c54\" data-element_type=\"widget\" data-e-type=\"widget\" data-widget_type=\"text-editor.default\">\n\t\t\t\t<div class=\"elementor-widget-container\">\n\t\t\t\t\t\t\t\t\t<p>P\u00ebr t'iu p\u00ebrgjigjur nevojave dhe k\u00ebrkesave tuaja, DPTU Pucko Petrol SHPKNJP do t\u00eb p\u00ebrpiqet t\u00eb siguroj\u00eb disponueshm\u00ebrin\u00eb 24\/7 t\u00eb  web-faqes s\u00eb saj. Megjithat\u00eb, n\u00eb rast mosdisponueshm\u00ebrie t\u00eb p\u00ebrkohshme ose nd\u00ebrprerjesh p\u00ebr shkak t\u00eb problemeve teknike ose faktor\u00ebve t\u00eb jasht\u00ebm jasht\u00eb kontrollit t\u00eb DPTU Pucko Petrol SHPKNJP, ne nuk marrim asnj\u00eb p\u00ebrgjegj\u00ebsi dhe nuk mund t\u00eb garantojm\u00eb akses t\u00eb pand\u00ebrprer\u00eb. T\u00eb gjitha t\u00eb dh\u00ebnat dhe informacionet e publikuara n\u00eb web-faqen e DPTU Pucko Petrol SHPKNJP sh\u00ebrbejn\u00eb vet\u00ebm p\u00ebr q\u00ebllime informative dhe DPTU Pucko Petrol SHPKNJP rezervon t\u00eb drejt\u00ebn ta ndryshoj\u00eb dhe rinovoj\u00eb at\u00eb sipas kushteve dhe k\u00ebrkesave ekzistuese. Duke pasur parasysh natyr\u00ebn unike t\u00eb Internetit, p\u00ebrve\u00e7 n\u00ebse p\u00ebrcaktohet ndryshe me rregulloret n\u00eb Republik\u00ebn e Maqedonis\u00eb s\u00eb Veriut, DPTU Pucko Petrol SHPKNJP nuk merr p\u00ebrgjegj\u00ebsi p\u00ebr sakt\u00ebsin\u00eb dhe besueshm\u00ebrin\u00eb e informacionit dhe dokumenteve t\u00eb publikuara. Ndalohet rrept\u00ebsisht shkarkimi, shp\u00ebrndarja, transmetimi ose p\u00ebrdorimi i informacionit, t\u00eb dh\u00ebnave dhe imazheve nga web-faqja  e  DPTU Pucko Petrol SHPKNJP. P\u00ebrdorimi i tyre lejohet vet\u00ebm p\u00ebr q\u00ebllime jokomerciale dhe p\u00ebr p\u00ebrdorim personal, brenda kufijve t\u00eb miratimeve t\u00eb treguara n\u00eb web-faqen e  DPTU Pucko Petrol SHPKNJP.<\/p>\t\t\t\t\t\t\t\t<\/div>\n\t\t\t\t<\/div>\n\t\t\t\t\t<\/div>\n\t\t\t\t<\/div>\n\t\t\t\t\t<\/div>\n\t\t<\/div>\n\t\t\t\t\t<\/div>\n\t\t<\/section>\n\t\t\t\t<\/div>","protected":false},"excerpt":{"rendered":"<p>\/\/ Privacy Policy Privacy Policy for Personal Data This Privacy Policy governs how DPTU Pucko Petrol LLC collects, uses, maintains, and discloses data from users visiting\u00a0\u00a0www.puckopetrol.mk\u00a0. DPTU Pucko Petrol LLC is committed to protecting your personal data from unauthorized access and use, implementing standards in accordance with legal regulations and by-laws related to personal data [&hellip;]<\/p>\n","protected":false},"author":1,"featured_media":0,"parent":0,"menu_order":12,"comment_status":"closed","ping_status":"closed","template":"elementor_header_footer","meta":{"footnotes":""},"class_list":["post-1688","page","type-page","status-publish","hentry"],"_links":{"self":[{"href":"https:\/\/puckopetrol.mk\/al\/wp-json\/wp\/v2\/pages\/1688","targetHints":{"allow":["GET"]}}],"collection":[{"href":"https:\/\/puckopetrol.mk\/al\/wp-json\/wp\/v2\/pages"}],"about":[{"href":"https:\/\/puckopetrol.mk\/al\/wp-json\/wp\/v2\/types\/page"}],"author":[{"embeddable":true,"href":"https:\/\/puckopetrol.mk\/al\/wp-json\/wp\/v2\/users\/1"}],"replies":[{"embeddable":true,"href":"https:\/\/puckopetrol.mk\/al\/wp-json\/wp\/v2\/comments?post=1688"}],"version-history":[{"count":37,"href":"https:\/\/puckopetrol.mk\/al\/wp-json\/wp\/v2\/pages\/1688\/revisions"}],"predecessor-version":[{"id":1916,"href":"https:\/\/puckopetrol.mk\/al\/wp-json\/wp\/v2\/pages\/1688\/revisions\/1916"}],"wp:attachment":[{"href":"https:\/\/puckopetrol.mk\/al\/wp-json\/wp\/v2\/media?parent=1688"}],"curies":[{"name":"wp","href":"https:\/\/api.w.org\/{rel}","templated":true}]}}