{"id":791,"date":"2024-05-14T12:10:56","date_gmt":"2024-05-14T12:10:56","guid":{"rendered":"https:\/\/puckopetrol.mk\/?page_id=791"},"modified":"2024-08-05T12:01:25","modified_gmt":"2024-08-05T12:01:25","slug":"privacy-policy","status":"publish","type":"page","link":"https:\/\/puckopetrol.mk\/al\/privacy-policy\/","title":{"rendered":"Politika e privat\u00ebsis\u00eb"},"content":{"rendered":"<div data-elementor-type=\"wp-page\" data-elementor-id=\"791\" class=\"elementor elementor-791\" data-elementor-post-type=\"page\">\n\t\t\t\t\t\t<section class=\"elementor-section elementor-top-section elementor-element elementor-element-33d1864 elementor-section-height-min-height elementor-section-boxed elementor-section-height-default elementor-section-items-middle\" data-id=\"33d1864\" data-element_type=\"section\" data-e-type=\"section\" data-settings=\"{&quot;background_background&quot;:&quot;classic&quot;}\">\n\t\t\t\t\t\t<div class=\"elementor-container elementor-column-gap-default\">\n\t\t\t\t\t<div class=\"elementor-column elementor-col-100 elementor-top-column elementor-element elementor-element-1362688\" data-id=\"1362688\" data-element_type=\"column\" data-e-type=\"column\">\n\t\t\t<div class=\"elementor-widget-wrap elementor-element-populated\">\n\t\t\t\t\t\t<div class=\"elementor-element elementor-element-28f1781 elementor-widget elementor-widget-heading\" data-id=\"28f1781\" data-element_type=\"widget\" data-e-type=\"widget\" data-widget_type=\"heading.default\">\n\t\t\t\t<div class=\"elementor-widget-container\">\n\t\t\t\t\t<h1 class=\"elementor-heading-title elementor-size-default\">Politika e privat\u00ebsis\u00eb<\/h1>\t\t\t\t<\/div>\n\t\t\t\t<\/div>\n\t\t\t\t<div class=\"elementor-element elementor-element-739f82a elementor-widget elementor-widget-html\" data-id=\"739f82a\" data-element_type=\"widget\" data-e-type=\"widget\" data-widget_type=\"html.default\">\n\t\t\t\t<div class=\"elementor-widget-container\">\n\t\t\t\t\t<div class=\"bradcrumbs\">\n    <a href=\"\/al\/home\/\">N\u00eb sht\u00ebpi<\/a> \/ <span >Terms & Conditions<\/span>\n<\/div>\t\t\t\t<\/div>\n\t\t\t\t<\/div>\n\t\t\t\t\t<\/div>\n\t\t<\/div>\n\t\t\t\t\t<\/div>\n\t\t<\/section>\n\t\t\t\t<section class=\"elementor-section elementor-top-section elementor-element elementor-element-318a050 elementor-section-boxed elementor-section-height-default elementor-section-height-default\" data-id=\"318a050\" data-element_type=\"section\" data-e-type=\"section\">\n\t\t\t\t\t\t<div class=\"elementor-container elementor-column-gap-default\">\n\t\t\t\t\t<div class=\"elementor-column elementor-col-100 elementor-top-column elementor-element elementor-element-f65334c\" data-id=\"f65334c\" data-element_type=\"column\" data-e-type=\"column\">\n\t\t\t<div class=\"elementor-widget-wrap elementor-element-populated\">\n\t\t\t\t\t\t<div class=\"elementor-element elementor-element-2547bd3 elementor-widget elementor-widget-text-editor\" data-id=\"2547bd3\" data-element_type=\"widget\" data-e-type=\"widget\" data-widget_type=\"text-editor.default\">\n\t\t\t\t<div class=\"elementor-widget-container\">\n\t\t\t\t\t\t\t\t\t<p>P\u00ebr t'iu p\u00ebrgjigjur nevojave dhe k\u00ebrkesave tuaja, DPTU Pucko Petrol SHPKNJP do t\u00eb p\u00ebrpiqet t\u00eb siguroj\u00eb disponueshm\u00ebrin\u00eb 24\/7 t\u00eb  web-faqes s\u00eb saj. Megjithat\u00eb, n\u00eb rast mosdisponueshm\u00ebrie t\u00eb p\u00ebrkohshme ose nd\u00ebrprerjesh p\u00ebr shkak t\u00eb problemeve teknike ose faktor\u00ebve t\u00eb jasht\u00ebm jasht\u00eb kontrollit t\u00eb DPTU Pucko Petrol SHPKNJP, ne nuk marrim asnj\u00eb p\u00ebrgjegj\u00ebsi dhe nuk mund t\u00eb garantojm\u00eb akses t\u00eb pand\u00ebrprer\u00eb. T\u00eb gjitha t\u00eb dh\u00ebnat dhe informacionet e publikuara n\u00eb web-faqen e DPTU Pucko Petrol SHPKNJP sh\u00ebrbejn\u00eb vet\u00ebm p\u00ebr q\u00ebllime informative dhe DPTU Pucko Petrol SHPKNJP rezervon t\u00eb drejt\u00ebn ta ndryshoj\u00eb dhe rinovoj\u00eb at\u00eb sipas kushteve dhe k\u00ebrkesave ekzistuese. Duke pasur parasysh natyr\u00ebn unike t\u00eb Internetit, p\u00ebrve\u00e7 n\u00ebse p\u00ebrcaktohet ndryshe me rregulloret n\u00eb Republik\u00ebn e Maqedonis\u00eb s\u00eb Veriut, DPTU Pucko Petrol SHPKNJP nuk merr p\u00ebrgjegj\u00ebsi p\u00ebr sakt\u00ebsin\u00eb dhe besueshm\u00ebrin\u00eb e informacionit dhe dokumenteve t\u00eb publikuara. Ndalohet rrept\u00ebsisht shkarkimi, shp\u00ebrndarja, transmetimi ose p\u00ebrdorimi i informacionit, t\u00eb dh\u00ebnave dhe imazheve nga web-faqja  e  DPTU Pucko Petrol SHPKNJP. P\u00ebrdorimi i tyre lejohet vet\u00ebm p\u00ebr q\u00ebllime jokomerciale dhe p\u00ebr p\u00ebrdorim personal, brenda kufijve t\u00eb miratimeve t\u00eb treguara n\u00eb web-faqen e  DPTU Pucko Petrol SHPKNJP.<\/p>\t\t\t\t\t\t\t\t<\/div>\n\t\t\t\t<\/div>\n\t\t\t\t\t<\/div>\n\t\t<\/div>\n\t\t\t\t\t<\/div>\n\t\t<\/section>\n\t\t<div class=\"elementor-element elementor-element-21e9ed8 e-flex e-con-boxed e-con e-parent\" data-id=\"21e9ed8\" data-element_type=\"container\" data-e-type=\"container\">\n\t\t\t\t\t<div class=\"e-con-inner\">\n\t\t\t\t<div class=\"elementor-element elementor-element-b81d5b3 elementor-widget-divider--view-line elementor-widget elementor-widget-divider\" data-id=\"b81d5b3\" data-element_type=\"widget\" data-e-type=\"widget\" data-widget_type=\"divider.default\">\n\t\t\t\t<div class=\"elementor-widget-container\">\n\t\t\t\t\t\t\t<div class=\"elementor-divider\">\n\t\t\t<span class=\"elementor-divider-separator\">\n\t\t\t\t\t\t<\/span>\n\t\t<\/div>\n\t\t\t\t\t\t<\/div>\n\t\t\t\t<\/div>\n\t\t\t\t\t<\/div>\n\t\t\t\t<\/div>\n\t\t\t\t<\/div>","protected":false},"excerpt":{"rendered":"<p>Privacy Policy Home \/ Terms &#038; Conditions To meet your needs and requests, DPTU Pucko Petrol LLC will try to ensure 24\/7 availability of its website. However, in case of temporary unavailability or interruptions due to technical issues or external factors beyond DPTU Pucko Petrol LLC\u2019s control, we do not assume any responsibility and cannot [&hellip;]<\/p>\n","protected":false},"author":1,"featured_media":0,"parent":0,"menu_order":11,"comment_status":"closed","ping_status":"closed","template":"elementor_header_footer","meta":{"footnotes":""},"class_list":["post-791","page","type-page","status-publish","hentry"],"_links":{"self":[{"href":"https:\/\/puckopetrol.mk\/al\/wp-json\/wp\/v2\/pages\/791","targetHints":{"allow":["GET"]}}],"collection":[{"href":"https:\/\/puckopetrol.mk\/al\/wp-json\/wp\/v2\/pages"}],"about":[{"href":"https:\/\/puckopetrol.mk\/al\/wp-json\/wp\/v2\/types\/page"}],"author":[{"embeddable":true,"href":"https:\/\/puckopetrol.mk\/al\/wp-json\/wp\/v2\/users\/1"}],"replies":[{"embeddable":true,"href":"https:\/\/puckopetrol.mk\/al\/wp-json\/wp\/v2\/comments?post=791"}],"version-history":[{"count":34,"href":"https:\/\/puckopetrol.mk\/al\/wp-json\/wp\/v2\/pages\/791\/revisions"}],"predecessor-version":[{"id":1893,"href":"https:\/\/puckopetrol.mk\/al\/wp-json\/wp\/v2\/pages\/791\/revisions\/1893"}],"wp:attachment":[{"href":"https:\/\/puckopetrol.mk\/al\/wp-json\/wp\/v2\/media?parent=791"}],"curies":[{"name":"wp","href":"https:\/\/api.w.org\/{rel}","templated":true}]}}