{"id":853,"date":"2024-05-22T09:21:29","date_gmt":"2024-05-22T09:21:29","guid":{"rendered":"https:\/\/puckopetrol.mk\/?page_id=853"},"modified":"2024-06-27T10:54:53","modified_gmt":"2024-06-27T10:54:53","slug":"program-guarantee","status":"publish","type":"page","link":"https:\/\/puckopetrol.mk\/al\/program-guarantee\/","title":{"rendered":"Program Guarantee"},"content":{"rendered":"<div data-elementor-type=\"wp-page\" data-elementor-id=\"853\" class=\"elementor elementor-853\" data-elementor-post-type=\"page\">\n\t\t\t\t\t\t<section class=\"elementor-section elementor-top-section elementor-element elementor-element-15cda1bf elementor-section-full_width herofixed elementor-section-height-default elementor-section-height-default\" data-id=\"15cda1bf\" data-element_type=\"section\" data-e-type=\"section\" data-settings=\"{&quot;background_background&quot;:&quot;classic&quot;}\">\n\t\t\t\t\t\t\t<div class=\"elementor-background-overlay\"><\/div>\n\t\t\t\t\t\t\t<div class=\"elementor-container elementor-column-gap-default\">\n\t\t\t\t\t<div class=\"elementor-column elementor-col-50 elementor-top-column elementor-element elementor-element-282a85a6\" data-id=\"282a85a6\" data-element_type=\"column\" data-e-type=\"column\">\n\t\t\t<div class=\"elementor-widget-wrap\">\n\t\t\t\t\t\t\t<\/div>\n\t\t<\/div>\n\t\t\t\t<div class=\"elementor-column elementor-col-50 elementor-top-column elementor-element elementor-element-536db2af\" data-id=\"536db2af\" data-element_type=\"column\" data-e-type=\"column\">\n\t\t\t<div class=\"elementor-widget-wrap elementor-element-populated\">\n\t\t\t\t\t\t<div class=\"elementor-element elementor-element-416a3978 elementor-widget elementor-widget-heading\" data-id=\"416a3978\" data-element_type=\"widget\" data-e-type=\"widget\" data-widget_type=\"heading.default\">\n\t\t\t\t<div class=\"elementor-widget-container\">\n\t\t\t\t\t<h2 class=\"elementor-heading-title elementor-size-default\">Programi i Garancis\u00eb<\/h2>\t\t\t\t<\/div>\n\t\t\t\t<\/div>\n\t\t<div class=\"elementor-element elementor-element-3df09f31 scrollcard e-con-full e-flex e-con e-parent\" data-id=\"3df09f31\" data-element_type=\"container\" data-e-type=\"container\">\n\t\t\t\t<div class=\"elementor-element elementor-element-700949a elementor-widget elementor-widget-text-editor\" data-id=\"700949a\" data-element_type=\"widget\" data-e-type=\"widget\" data-widget_type=\"text-editor.default\">\n\t\t\t\t<div class=\"elementor-widget-container\">\n\t\t\t\t\t\t\t\t\t<h3><strong>Programi i Garancis\u00eb \u2013 programi i par\u00eb gjith\u00ebp\u00ebrfshir\u00ebs p\u00ebr t\u00eb kontrolluar cil\u00ebsin\u00eb\ndhe sasin\u00eb e karburanteve<\/strong><\/h3><div>Besimi i klient\u00ebve tan\u00eb \u00ebsht\u00eb i nj\u00eb r\u00ebnd\u00ebsie t\u00eb madhe p\u00ebr ne. Kjo \u00ebsht\u00eb arsyeja pse n\u00eb\nOKTA krijuam programin Garanci p\u00ebr t\u00eb kontrolluar cil\u00ebsin\u00eb dhe sasin\u00eb e\nkarburanteve n\u00eb pikat e karburantit me mark\u00ebn OKTA.<\/div><div>\u00a0<\/div><div>Laboratori mobil , i drejtuar nga nj\u00eb ekip kontrollor\u00ebsh t\u00eb pavarur t\u00eb trajnuar\nposa\u00e7\u00ebrisht p\u00ebr k\u00ebt\u00eb q\u00ebllim, kryen kontrolle t\u00eb rregullta dhe t\u00eb paparalajm\u00ebruara n\u00eb t\u00eb\ngjith\u00eb rrjetin e shitjeve me pakic\u00eb n\u00eb OKTA. Sipas programit, ata fillimisht kryejn\u00eb nj\u00eb\ninspektim v\u00ebllimor t\u00eb shp\u00ebrndar\u00ebsve t\u00eb karburantit. Hapi tjet\u00ebr p\u00ebrfshin kontrollin\ncil\u00ebsor, dometh\u00ebn\u00eb p\u00ebrcaktimin e densitetit dhe temperatur\u00ebs specifike t\u00eb\nkarburantit t\u00eb testuar. Pas k\u00ebsaj, qasen drejt pjes\u00ebs t\u00eb fundit t\u00eb procedur\u00ebs, d.m.th.\nmarrjen e mostrave. Marrja e mostrave konsiston n\u00eb marrjen e mostrave q\u00eb do t\u00eb\nsh\u00ebrbejn\u00eb p\u00ebr nj\u00eb kontroll shtes\u00eb t\u00eb vetive cil\u00ebsore t\u00eb l\u00ebnd\u00ebve djeg\u00ebse n\u00eb nj\u00eb\n\nlaborator p\u00ebrkat\u00ebs t\u00eb akredituar. Analizat e cil\u00ebsis\u00eb s\u00eb karburantit kryhen n\u00eb vet\u00eb\npik\u00ebn e karburantit, por edhe n\u00eb kushte laboratorike, duke garantuar k\u00ebshtu\nbesueshm\u00ebrin\u00eb e mostr\u00ebs dhe t\u00eb kontrolleve.<\/div><div>\u00a0<\/div><div>Pas inspektimit dhe konfirmimit t\u00eb cil\u00ebsis\u00eb dhe sasis\u00eb s\u00eb karburanteve, makinat e\nmbushjes s\u00eb karburantit q\u00eb kontrollohen sh\u00ebnohen me shirit t\u00eb verdh\u00eb p\u00ebr nj\u00eb sasi t\u00eb\ngarantuar n\u00eb t\u00eb cil\u00ebn shkruhet &quot;Kontrolluar&quot;. \u00c7do pik\u00eb karburanti q\u00eb kalon me sukses\ntestin merr certifikat\u00eb.<\/div><div>\u00a0<\/div><div>N\u00eb OKTA, konsumator\u00ebt tan\u00eb mund t\u00eb ndihen t\u00eb mbrojtur dhe t\u00eb sigurt\u00eb p\u00ebr \u00e7do lit\u00ebr!<\/div>\t\t\t\t\t\t\t\t<\/div>\n\t\t\t\t<\/div>\n\t\t\t\t<div class=\"elementor-element elementor-element-059db52 elementor-widget elementor-widget-image\" data-id=\"059db52\" data-element_type=\"widget\" data-e-type=\"widget\" data-widget_type=\"image.default\">\n\t\t\t\t<div class=\"elementor-widget-container\">\n\t\t\t\t\t\t\t\t\t\t\t\t\t\t\t<img fetchpriority=\"high\" decoding=\"async\" width=\"800\" height=\"387\" src=\"https:\/\/puckopetrol.mk\/wp-content\/uploads\/2024\/06\/Programa-GARANCIJA-2023-01.jpg\" class=\"attachment-large size-large wp-image-1314\" alt=\"\" srcset=\"https:\/\/puckopetrol.mk\/wp-content\/uploads\/2024\/06\/Programa-GARANCIJA-2023-01.jpg 1011w, https:\/\/puckopetrol.mk\/wp-content\/uploads\/2024\/06\/Programa-GARANCIJA-2023-01-300x145.jpg 300w, https:\/\/puckopetrol.mk\/wp-content\/uploads\/2024\/06\/Programa-GARANCIJA-2023-01-768x371.jpg 768w, https:\/\/puckopetrol.mk\/wp-content\/uploads\/2024\/06\/Programa-GARANCIJA-2023-01-18x9.jpg 18w\" sizes=\"(max-width: 800px) 100vw, 800px\" \/>\t\t\t\t\t\t\t\t\t\t\t\t\t\t\t<\/div>\n\t\t\t\t<\/div>\n\t\t<div class=\"elementor-element elementor-element-615f5c4 e-con-full e-flex e-con e-child\" data-id=\"615f5c4\" data-element_type=\"container\" data-e-type=\"container\">\n\t\t\t\t<div class=\"elementor-element elementor-element-3b31e9a elementor-widget elementor-widget-video\" data-id=\"3b31e9a\" data-element_type=\"widget\" data-e-type=\"widget\" data-settings=\"{&quot;youtube_url&quot;:&quot;https:\\\/\\\/www.youtube.com\\\/watch?v=tY9_A7StdNc&amp;ab_channel=OptimumCreativeSolutions&quot;,&quot;video_type&quot;:&quot;youtube&quot;,&quot;controls&quot;:&quot;yes&quot;}\" data-widget_type=\"video.default\">\n\t\t\t\t<div class=\"elementor-widget-container\">\n\t\t\t\t\t\t\t<div class=\"elementor-wrapper elementor-open-inline\">\n\t\t\t<div class=\"elementor-video\"><\/div>\t\t<\/div>\n\t\t\t\t\t\t<\/div>\n\t\t\t\t<\/div>\n\t\t\t\t<\/div>\n\t\t\t\t<\/div>\n\t\t\t\t\t<\/div>\n\t\t<\/div>\n\t\t\t\t\t<\/div>\n\t\t<\/section>\n\t\t\t\t<\/div>","protected":false},"excerpt":{"rendered":"<p>\/\/ PROGRAM GUARANTEE Program Guarantee &#8211; the first comprehensive program for control of the quality and quantity of fuels Our customers&#8217; trust is of utmost importance to us. Therefore in OKTA, we created the program Guarantee for control of the quality and quantity of fuels at the petrol stations with brand OKTA.\u00a0The mobile laboratory managed [&hellip;]<\/p>\n","protected":false},"author":1,"featured_media":0,"parent":0,"menu_order":9,"comment_status":"closed","ping_status":"closed","template":"elementor_header_footer","meta":{"footnotes":""},"class_list":["post-853","page","type-page","status-publish","hentry"],"_links":{"self":[{"href":"https:\/\/puckopetrol.mk\/al\/wp-json\/wp\/v2\/pages\/853","targetHints":{"allow":["GET"]}}],"collection":[{"href":"https:\/\/puckopetrol.mk\/al\/wp-json\/wp\/v2\/pages"}],"about":[{"href":"https:\/\/puckopetrol.mk\/al\/wp-json\/wp\/v2\/types\/page"}],"author":[{"embeddable":true,"href":"https:\/\/puckopetrol.mk\/al\/wp-json\/wp\/v2\/users\/1"}],"replies":[{"embeddable":true,"href":"https:\/\/puckopetrol.mk\/al\/wp-json\/wp\/v2\/comments?post=853"}],"version-history":[{"count":25,"href":"https:\/\/puckopetrol.mk\/al\/wp-json\/wp\/v2\/pages\/853\/revisions"}],"predecessor-version":[{"id":1334,"href":"https:\/\/puckopetrol.mk\/al\/wp-json\/wp\/v2\/pages\/853\/revisions\/1334"}],"wp:attachment":[{"href":"https:\/\/puckopetrol.mk\/al\/wp-json\/wp\/v2\/media?parent=853"}],"curies":[{"name":"wp","href":"https:\/\/api.w.org\/{rel}","templated":true}]}}