{"id":1049,"date":"2024-06-19T09:13:27","date_gmt":"2024-06-19T09:13:27","guid":{"rendered":"https:\/\/puckopetrol.mk\/?page_id=1049"},"modified":"2024-07-30T15:30:14","modified_gmt":"2024-07-30T15:30:14","slug":"new-about-us","status":"publish","type":"page","link":"https:\/\/puckopetrol.mk\/tr\/new-about-us\/","title":{"rendered":"New About Us"},"content":{"rendered":"<div data-elementor-type=\"wp-page\" data-elementor-id=\"1049\" class=\"elementor elementor-1049\" data-elementor-post-type=\"page\">\n\t\t\t\t\t\t<section class=\"elementor-section elementor-top-section elementor-element elementor-element-10c06f0 elementor-section-full_width herofixed elementor-section-height-default elementor-section-height-default\" data-id=\"10c06f0\" data-element_type=\"section\" data-e-type=\"section\" data-settings=\"{&quot;background_background&quot;:&quot;classic&quot;}\">\n\t\t\t\t\t\t\t<div class=\"elementor-background-overlay\"><\/div>\n\t\t\t\t\t\t\t<div class=\"elementor-container elementor-column-gap-default\">\n\t\t\t\t\t<div class=\"elementor-column elementor-col-50 elementor-top-column elementor-element elementor-element-153b4ac\" data-id=\"153b4ac\" data-element_type=\"column\" data-e-type=\"column\">\n\t\t\t<div class=\"elementor-widget-wrap\">\n\t\t\t\t\t\t\t<\/div>\n\t\t<\/div>\n\t\t\t\t<div class=\"elementor-column elementor-col-50 elementor-top-column elementor-element elementor-element-76ddd40\" data-id=\"76ddd40\" data-element_type=\"column\" data-e-type=\"column\">\n\t\t\t<div class=\"elementor-widget-wrap elementor-element-populated\">\n\t\t\t\t\t\t<div class=\"elementor-element elementor-element-2ffcf9a elementor-widget elementor-widget-heading\" data-id=\"2ffcf9a\" data-element_type=\"widget\" data-e-type=\"widget\" data-widget_type=\"heading.default\">\n\t\t\t\t<div class=\"elementor-widget-container\">\n\t\t\t\t\t<h2 class=\"elementor-heading-title elementor-size-default\">Firma Hakk\u0131nda<\/h2>\t\t\t\t<\/div>\n\t\t\t\t<\/div>\n\t\t<div class=\"elementor-element elementor-element-4000ba4 scrollcard e-con-full e-flex e-con e-parent\" data-id=\"4000ba4\" data-element_type=\"container\" data-e-type=\"container\">\n\t\t\t\t<div class=\"elementor-element elementor-element-31a3c09 elementor-widget elementor-widget-heading\" data-id=\"31a3c09\" data-element_type=\"widget\" data-e-type=\"widget\" data-widget_type=\"heading.default\">\n\t\t\t\t<div class=\"elementor-widget-container\">\n\t\t\t\t\t<h2 class=\"elementor-heading-title elementor-size-default\">Firma Hakk\u0131nda<\/h2>\t\t\t\t<\/div>\n\t\t\t\t<\/div>\n\t\t\t\t<div class=\"elementor-element elementor-element-a663cc5 elementor-widget elementor-widget-text-editor\" data-id=\"a663cc5\" data-element_type=\"widget\" data-e-type=\"widget\" data-widget_type=\"text-editor.default\">\n\t\t\t\t<div class=\"elementor-widget-container\">\n\t\t\t\t\t\t\t\t\t<p class=\"p1\">Pu\u00e7ko Petrol, 1992 y\u0131l\u0131nda Kuzey Makedonya&#039;n\u0131n Plasnica \u015fehrinde kurulmu\u015f\nbir \u015firkettir.<\/p><p class=\"p1\">O zamanlar Plasnica&#039;da ilk benzin istasyonunu a\u00e7arak s\u00fcrekli \u00e7al\u0131\u015fmalar\u0131 ve\n\u00f6zverili \u00e7abalar\u0131yla ba\u015far\u0131l\u0131 bir hikaye yazmaya ba\u015flad\u0131.<\/p><p class=\"p2\">Y\u0131llar ge\u00e7tik\u00e7e \u015firket, \u00fclke genelindeki benzin istasyonu a\u011f\u0131n\u0131 geni\u015fleterek\nzamanla modern bir g\u00f6r\u00fcn\u00fcm ve kusursuz hizmetle ad\u0131m att\u0131. Ba\u015far\u0131l\u0131\nhikaye, \u015firketin istikrarl\u0131, g\u00fcvenilir ve y\u00fcksek kaliteli i\u015fleyi\u015finin bir kan\u0131t\u0131 olan\nOktan\u0131n markas\u0131yla birlikte olu\u015fturuldu.<\/p><p class=\"p1\">\u015eu anda \u015firket, i\u015fbirli\u011fi anla\u015fmalar\u0131 kapsam\u0131nda \u00fcr\u00fcnlerimizi ve\nhizmetlerimizi kullanan 1500&#039;den fazla ba\u015far\u0131l\u0131 \u015firketle i\u015fbirli\u011fi yapmaktad\u0131r.\nBu i\u015fbirlikleri, sadakat, g\u00fcvenilirlik, g\u00fcvenli tedarik kayna\u011f\u0131 <span class=\"s1\">ve kalite\ntemelinde sa\u011flanmaktad\u0131r. \u015eirket, yak\u0131t ve hizmet kalitesini s\u00fcrd\u00fcrmeye ve\nb\u00f6lgedeki benzin istasyonu a\u011f\u0131n\u0131 geni\u015fletmeye devam etmektedir. <\/span>Referans\nlistemizin \u00f6nemli bir b\u00f6l\u00fcm\u00fcn\u00fc devlet kurumlar\u0131, kamu kurumlar\u0131,\nbakanl\u0131klar, \u00fcniversiteler, ilkokul ve ortaokullar, anaokullar\u0131, \u00f6zel \u015firketler ve\ndiplomatik temsilcilikler olu\u015fturmaktad\u0131r.<span class=\"s2\"><sup>th<\/sup><\/span> \u015eirket, Kuzey Makedonya&#039;daki en\nba\u015far\u0131l\u0131 ilk 50 ve en b\u00fcy\u00fck 100 \u015firket aras\u0131nda yer almaktad\u0131r.<\/p>\t\t\t\t\t\t\t\t<\/div>\n\t\t\t\t<\/div>\n\t\t\t\t<div class=\"elementor-element elementor-element-86d303a elementor-widget elementor-widget-video\" data-id=\"86d303a\" data-element_type=\"widget\" data-e-type=\"widget\" data-settings=\"{&quot;video_type&quot;:&quot;hosted&quot;,&quot;controls&quot;:&quot;yes&quot;}\" data-widget_type=\"video.default\">\n\t\t\t\t<div class=\"elementor-widget-container\">\n\t\t\t\t\t\t\t<div class=\"e-hosted-video elementor-wrapper elementor-open-inline\">\n\t\t\t\t\t<video class=\"elementor-video\" src=\"https:\/\/puckopetrol.mk\/wp-content\/uploads\/2023\/04\/Pucko-Petrol-FINAL-HD-1080P.mp4\" controls=\"\" preload=\"metadata\" controlslist=\"nodownload\"><\/video>\n\t\t\t\t<\/div>\n\t\t\t\t\t\t<\/div>\n\t\t\t\t<\/div>\n\t\t\t\t<div class=\"elementor-element elementor-element-4d173de elementor-widget elementor-widget-heading\" data-id=\"4d173de\" data-element_type=\"widget\" data-e-type=\"widget\" data-widget_type=\"heading.default\">\n\t\t\t\t<div class=\"elementor-widget-container\">\n\t\t\t\t\t<h2 class=\"elementor-heading-title elementor-size-default\">Vision,Mission &amp; Strategic objectives<\/h2>\t\t\t\t<\/div>\n\t\t\t\t<\/div>\n\t\t\t\t<div class=\"elementor-element elementor-element-b6d8caf elementor-widget elementor-widget-text-editor\" data-id=\"b6d8caf\" data-element_type=\"widget\" data-e-type=\"widget\" data-widget_type=\"text-editor.default\">\n\t\t\t\t<div class=\"elementor-widget-container\">\n\t\t\t\t\t\t\t\t\t<p class=\"p1\">Vizyonumuz, b\u00f6lgedeki en iyi ve en b\u00fcy\u00fck petrol \u015firketi olmak ve\nt\u00fcketicilerin ihtiya\u00e7lar\u0131n\u0131 ekonomik, g\u00fcvenli ve \u00e7evre dostu bir \u015fekilde\nkar\u015f\u0131lamakt\u0131r. M\u00fc\u015fterilerin ilk tercihi olmak istiyoruz.<\/p><p class=\"p3\">Misyonumuz, i\u015fimizde s\u00fcrekli olarak m\u00fckemmellik seviyelerine ula\u015fmak ve\nverimlili\u011fimizi m\u00fckemmelli\u011fe ta\u015f\u0131makt\u0131r. \u015eirketimizin hissedarlar\u0131n\u0131n\nmemnuniyeti ve s\u00fcrekli artan hedefleri, deneyimli ve profesyonel \u00e7al\u0131\u015fan\nekibimizin sadakatli ve \u00f6zverili \u00e7al\u0131\u015fmas\u0131yla tamamlanmaktad\u0131r. \u0130\u015fimizin\ns\u00fcrd\u00fcr\u00fclebilir ba\u015far\u0131s\u0131n\u0131 sa\u011flamak i\u00e7in \u015fu odak noktalar\u0131 \u00fczerinde \u00e7al\u0131\u015f\u0131yoruz:<\/p><ul class=\"ul1\"><li class=\"li4\">Kararl\u0131 ve g\u00fc\u00e7l\u00fc y\u00f6netim sistemimizin s\u00fcrd\u00fcr\u00fclmesi;<\/li><li class=\"li4\">En son ve en iyi modern teknolojik sistemlerin uygulanmas\u0131;<\/li><li class=\"li4\">\u00dcr\u00fcnlerimizin en y\u00fcksek kalitede olmas\u0131n\u0131n sa\u011flanmas\u0131;<\/li><li class=\"li4\">\u00c7evremizin g\u00fcvenli\u011finin korunmas\u0131;<\/li><li class=\"li4\">Hisse senedi sahiplerimize kazan\u00e7 sa\u011flanmas\u0131.<\/li><\/ul>\t\t\t\t\t\t\t\t<\/div>\n\t\t\t\t<\/div>\n\t\t\t\t<div class=\"elementor-element elementor-element-ada6bbf elementor-widget elementor-widget-heading\" data-id=\"ada6bbf\" data-element_type=\"widget\" data-e-type=\"widget\" data-widget_type=\"heading.default\">\n\t\t\t\t<div class=\"elementor-widget-container\">\n\t\t\t\t\t<h2 class=\"elementor-heading-title elementor-size-default\">Sertifikalar ve Lisanslar\n<\/h2>\t\t\t\t<\/div>\n\t\t\t\t<\/div>\n\t\t\t\t<div class=\"elementor-element elementor-element-e6d7e72 elementor-widget elementor-widget-text-editor\" data-id=\"e6d7e72\" data-element_type=\"widget\" data-e-type=\"widget\" data-widget_type=\"text-editor.default\">\n\t\t\t\t<div class=\"elementor-widget-container\">\n\t\t\t\t\t\t\t\t\t<p class=\"p1\">Pu\u00e7ko Petrol, kalite y\u00f6netim sistemi ve \u00e7evre y\u00f6netim sistemi sertifikalar\u0131na\nsahiptir.<\/p><p class=\"p1\">ISO 9001 sertifikas\u0131, \u015firketin t\u00fcketici ihtiya\u00e7lar\u0131n\u0131 ve beklentilerini\nkar\u015f\u0131layabilme yetene\u011fini ve ilgili yasal ve d\u00fczenleyici gereksinimleri\nkar\u015f\u0131layabilme yetene\u011fini do\u011frular. ISO 14001 sertifikas\u0131 ise \u015firketin \u00e7evre\ny\u00f6netimine olan taahh\u00fcd\u00fcn\u00fc ve \u00e7evre y\u00f6netim sistemini kurma, uygulama,\ns\u00fcrd\u00fcrme ve geli\u015ftirme \u00e7abalar\u0131n\u0131 onaylar.<\/p><p class=\"p1\">Bu sertifikalar\u0131n yan\u0131 s\u0131ra, \u00fclkenin mevcut yasal mevzuat\u0131na g\u00f6re \u015firketin\nge\u00e7erli lisanslara sahip oldu\u011fu da do\u011frulanm\u0131\u015ft\u0131r:<\/p><ul class=\"ul1\"><li class=\"li1\">Yerel ve uluslararas\u0131 pazarda petrol ve petrol \u00fcr\u00fcnleri ile biyoyak\u0131t\nticareti;<\/li><li class=\"li1\">\u015eirket \u015fubeleri veya a\u00e7\u0131k benzin istasyonlar\u0131 arac\u0131l\u0131\u011f\u0131yla perakende\nsat\u0131\u015f\u0131 petrol ve petrol \u00fcr\u00fcnleri;<\/li><li class=\"li1\">Plasnica&#039;da kendi in\u015fa edilmi\u015f depolarda yak\u0131t depolama lisans\u0131;<\/li><li class=\"li1\">Tehlikeli maddelerin ta\u015f\u0131nmas\u0131 i\u00e7in izin;<\/li><li class=\"li1\">Yerel ula\u015f\u0131mda kamu ta\u015f\u0131mac\u0131l\u0131\u011f\u0131 yapma izni;<\/li><li class=\"li1\">Petrol ve petrol \u00fcr\u00fcnleri ithalat\u0131 ve ihracat\u0131 izni<\/li><\/ul>\t\t\t\t\t\t\t\t<\/div>\n\t\t\t\t<\/div>\n\t\t\t\t<div class=\"elementor-element elementor-element-1cdae41 elementor-widget elementor-widget-text-editor\" data-id=\"1cdae41\" data-element_type=\"widget\" data-e-type=\"widget\" data-widget_type=\"text-editor.default\">\n\t\t\t\t<div class=\"elementor-widget-container\">\n\t\t\t\t\t\t\t\t\t<p data-pm-slice=\"1 1 []\">Pu\u00e7ko Petrol, kalite y\u00f6netim sistemi ve \u00e7evre y\u00f6netim sistemi sertifikalar\u0131na\nsahiptir.<\/p><p>ISO 9001 sertifikas\u0131, \u015firketin s\u00fcrekli olarak t\u00fcketicilerin ihtiya\u00e7lar\u0131n\u0131 ve\nbeklentilerini kar\u015f\u0131layan \u00fcr\u00fcnler sa\u011flayabilme yetene\u011fini do\u011frular, ayn\u0131\nzamanda ge\u00e7erli yasal ve d\u00fczenleyici gereklilikleri de yerine getirir. ISO 14001 sertifikas\u0131 ise \u015firketin \u00e7evre y\u00f6netimi konusundaki sorumlulu\u011funu\nve \u00e7evre koruma \u00e7abalar\u0131n\u0131, \u00e7evre y\u00f6netimi kurallar\u0131n\u0131 olu\u015fturma, uygulama,\ns\u00fcrd\u00fcrme ve geli\u015ftirme yoluyla do\u011frular.<\/p><p>Bu sertifikalar\u0131n yan\u0131 s\u0131ra, \u00fclkenin mevcut yasal mevzuat\u0131na g\u00f6re \u015firketin\nge\u00e7erli lisanslara sahip oldu\u011fu da do\u011frulanm\u0131\u015ft\u0131r:<\/p><ul><li>Yurt i\u00e7i ve yurt d\u0131\u015f\u0131nda petrol ve petrol \u00fcr\u00fcnleri ile biyoyak\u0131t ticareti\nyapma lisans\u0131;<\/li><li>\u015eirket \u015fubeleri veya a\u00e7\u0131k benzin istasyonlar\u0131 arac\u0131l\u0131\u011f\u0131yla perakende\nsat\u0131\u015f\u0131 petrol ve petrol \u00fcr\u00fcnleri;<\/li><li>Plasnica&#039;da kendi in\u015fa edilmi\u015f depolarda yak\u0131t depolama lisans\u0131;<\/li><li>Tehlikeli maddelerin ta\u015f\u0131nmas\u0131 i\u00e7in izin;<\/li><li>Yerel ula\u015f\u0131mda kamu ta\u015f\u0131mac\u0131l\u0131\u011f\u0131 yapma izni;<\/li><li>Petrol ve petrol \u00fcr\u00fcnleri ithalat\u0131 ve ihracat\u0131 izni<\/li><\/ul>\t\t\t\t\t\t\t\t<\/div>\n\t\t\t\t<\/div>\n\t\t<div class=\"elementor-element elementor-element-550edef e-flex e-con-boxed e-con e-child\" data-id=\"550edef\" data-element_type=\"container\" data-e-type=\"container\">\n\t\t\t\t\t<div class=\"e-con-inner\">\n\t\t\t\t<div class=\"elementor-element elementor-element-3eb8173 elementor-widget elementor-widget-image\" data-id=\"3eb8173\" data-element_type=\"widget\" data-e-type=\"widget\" data-widget_type=\"image.default\">\n\t\t\t\t<div class=\"elementor-widget-container\">\n\t\t\t\t\t\t\t\t\t\t\t\t\t\t\t\t<a href=\"\/wp-content\/uploads\/2024\/06\/ISO-9001.pdf\">\n\t\t\t\t\t\t\t<img fetchpriority=\"high\" decoding=\"async\" width=\"612\" height=\"792\" src=\"https:\/\/puckopetrol.mk\/wp-content\/uploads\/2024\/06\/ISO-9001-1.png\" class=\"attachment-large size-large wp-image-1290\" alt=\"\" srcset=\"https:\/\/puckopetrol.mk\/wp-content\/uploads\/2024\/06\/ISO-9001-1.png 612w, https:\/\/puckopetrol.mk\/wp-content\/uploads\/2024\/06\/ISO-9001-1-232x300.png 232w, https:\/\/puckopetrol.mk\/wp-content\/uploads\/2024\/06\/ISO-9001-1-9x12.png 9w\" sizes=\"(max-width: 612px) 100vw, 612px\" \/>\t\t\t\t\t\t\t\t<\/a>\n\t\t\t\t\t\t\t\t\t\t\t\t\t\t\t<\/div>\n\t\t\t\t<\/div>\n\t\t\t\t<div class=\"elementor-element elementor-element-7eb7b10 elementor-widget elementor-widget-image\" data-id=\"7eb7b10\" data-element_type=\"widget\" data-e-type=\"widget\" data-widget_type=\"image.default\">\n\t\t\t\t<div class=\"elementor-widget-container\">\n\t\t\t\t\t\t\t\t\t\t\t\t\t\t\t\t<a href=\"\/wp-content\/uploads\/2024\/06\/ISO-14001.pdf\">\n\t\t\t\t\t\t\t<img decoding=\"async\" width=\"612\" height=\"792\" src=\"https:\/\/puckopetrol.mk\/wp-content\/uploads\/2024\/06\/ISO-14001.png\" class=\"attachment-large size-large wp-image-1294\" alt=\"\" srcset=\"https:\/\/puckopetrol.mk\/wp-content\/uploads\/2024\/06\/ISO-14001.png 612w, https:\/\/puckopetrol.mk\/wp-content\/uploads\/2024\/06\/ISO-14001-232x300.png 232w, https:\/\/puckopetrol.mk\/wp-content\/uploads\/2024\/06\/ISO-14001-9x12.png 9w\" sizes=\"(max-width: 612px) 100vw, 612px\" \/>\t\t\t\t\t\t\t\t<\/a>\n\t\t\t\t\t\t\t\t\t\t\t\t\t\t\t<\/div>\n\t\t\t\t<\/div>\n\t\t\t\t\t<\/div>\n\t\t\t\t<\/div>\n\t\t\t\t<\/div>\n\t\t\t\t\t<\/div>\n\t\t<\/div>\n\t\t\t\t\t<\/div>\n\t\t<\/section>\n\t\t\t\t<\/div>","protected":false},"excerpt":{"rendered":"<p>\/\/ ABOUT Our Company Pucko Petrol is a company founded in 1992, headquartered in Plasnica, N.Macedonia. Back then the company opened the first petrol station in Plasnica and with its continuous hard work and dedication started to build up its successful story. Over the years, the company has been expanding its network of petrol stations [&hellip;]<\/p>\n","protected":false},"author":1,"featured_media":0,"parent":0,"menu_order":5,"comment_status":"closed","ping_status":"closed","template":"elementor_header_footer","meta":{"footnotes":""},"class_list":["post-1049","page","type-page","status-publish","hentry"],"_links":{"self":[{"href":"https:\/\/puckopetrol.mk\/tr\/wp-json\/wp\/v2\/pages\/1049","targetHints":{"allow":["GET"]}}],"collection":[{"href":"https:\/\/puckopetrol.mk\/tr\/wp-json\/wp\/v2\/pages"}],"about":[{"href":"https:\/\/puckopetrol.mk\/tr\/wp-json\/wp\/v2\/types\/page"}],"author":[{"embeddable":true,"href":"https:\/\/puckopetrol.mk\/tr\/wp-json\/wp\/v2\/users\/1"}],"replies":[{"embeddable":true,"href":"https:\/\/puckopetrol.mk\/tr\/wp-json\/wp\/v2\/comments?post=1049"}],"version-history":[{"count":149,"href":"https:\/\/puckopetrol.mk\/tr\/wp-json\/wp\/v2\/pages\/1049\/revisions"}],"predecessor-version":[{"id":1649,"href":"https:\/\/puckopetrol.mk\/tr\/wp-json\/wp\/v2\/pages\/1049\/revisions\/1649"}],"wp:attachment":[{"href":"https:\/\/puckopetrol.mk\/tr\/wp-json\/wp\/v2\/media?parent=1049"}],"curies":[{"name":"wp","href":"https:\/\/api.w.org\/{rel}","templated":true}]}}