{"id":1688,"date":"2024-08-05T10:53:58","date_gmt":"2024-08-05T10:53:58","guid":{"rendered":"https:\/\/puckopetrol.mk\/?page_id=1688"},"modified":"2024-08-27T07:45:01","modified_gmt":"2024-08-27T07:45:01","slug":"privacy-policy-personal-data","status":"publish","type":"page","link":"https:\/\/puckopetrol.mk\/tr\/privacy-policy-personal-data\/","title":{"rendered":"Ki\u015fisel Verilerin Gizlilik Politikas\u0131"},"content":{"rendered":"<div data-elementor-type=\"wp-page\" data-elementor-id=\"1688\" class=\"elementor elementor-1688\" data-elementor-post-type=\"page\">\n\t\t\t\t\t\t<section class=\"elementor-section elementor-top-section elementor-element elementor-element-508749fd elementor-section-full_width herofixed elementor-section-height-default elementor-section-height-default\" data-id=\"508749fd\" data-element_type=\"section\" data-e-type=\"section\" data-settings=\"{&quot;background_background&quot;:&quot;classic&quot;}\">\n\t\t\t\t\t\t\t<div class=\"elementor-background-overlay\"><\/div>\n\t\t\t\t\t\t\t<div class=\"elementor-container elementor-column-gap-default\">\n\t\t\t\t\t<div class=\"elementor-column elementor-col-50 elementor-top-column elementor-element elementor-element-3dbe3b1e\" data-id=\"3dbe3b1e\" data-element_type=\"column\" data-e-type=\"column\">\n\t\t\t<div class=\"elementor-widget-wrap\">\n\t\t\t\t\t\t\t<\/div>\n\t\t<\/div>\n\t\t\t\t<div class=\"elementor-column elementor-col-50 elementor-top-column elementor-element elementor-element-f91f701\" data-id=\"f91f701\" data-element_type=\"column\" data-e-type=\"column\">\n\t\t\t<div class=\"elementor-widget-wrap elementor-element-populated\">\n\t\t\t\t\t\t<div class=\"elementor-element elementor-element-725cfcb4 elementor-widget elementor-widget-heading\" data-id=\"725cfcb4\" data-element_type=\"widget\" data-e-type=\"widget\" data-widget_type=\"heading.default\">\n\t\t\t\t<div class=\"elementor-widget-container\">\n\t\t\t\t\t<h2 class=\"elementor-heading-title elementor-size-default\">\/\/ Privacy Policy<\/h2>\t\t\t\t<\/div>\n\t\t\t\t<\/div>\n\t\t<div class=\"elementor-element elementor-element-51975771 scrollcard e-flex e-con-boxed e-con e-parent\" data-id=\"51975771\" data-element_type=\"container\" data-e-type=\"container\">\n\t\t\t\t\t<div class=\"e-con-inner\">\n\t\t\t\t<div class=\"elementor-element elementor-element-1c027792 elementor-widget elementor-widget-heading\" data-id=\"1c027792\" data-element_type=\"widget\" data-e-type=\"widget\" data-widget_type=\"heading.default\">\n\t\t\t\t<div class=\"elementor-widget-container\">\n\t\t\t\t\t<h2 class=\"elementor-heading-title elementor-size-default\">Ki\u015fisel Verilerin Gizlilik Politikas\u0131<\/h2>\t\t\t\t<\/div>\n\t\t\t\t<\/div>\n\t\t\t\t<div class=\"elementor-element elementor-element-26065235 elementor-widget elementor-widget-text-editor\" data-id=\"26065235\" data-element_type=\"widget\" data-e-type=\"widget\" data-widget_type=\"text-editor.default\">\n\t\t\t\t<div class=\"elementor-widget-container\">\n\t\t\t\t\t\t\t\t\t<p style=\"font-weight: 400;\">Bu Gizlilik Politikas\u0131, DPTU Pu\u00e7ko Petrol DOOEL&#039;in\u00a0\u00a0<a href=\"https:\/\/puckopetrol.mk\/tr\/\" data-saferedirecturl=\"https:\/\/www.google.com\/url?q=http:\/\/www.puckopetrol.mk&amp;source=gmail&amp;ust=1722939234517000&amp;usg=AOvVaw3P_gtjVZI5GuwFaDZ9vRcX\">www.puckopetrol.mk<\/a>\u00a0web\nsitesini ziyaret eden kullan\u0131c\u0131lar\u0131n verilerini nas\u0131l toplad\u0131\u011f\u0131n\u0131, kulland\u0131\u011f\u0131n\u0131,\nsaklad\u0131\u011f\u0131n\u0131 ve if\u015fa etti\u011fini d\u00fczenler. DPTU Pu\u00e7ko Petrol DOOEL, yasal\nd\u00fczenlemeler ve ki\u015fisel verilerin korunmas\u0131 ile ilgili alt d\u00fczenlemeler uyar\u0131nca\nstandartlar\u0131 koruma taahh\u00fcd\u00fc verir. Plasnica, Kuzey Makedonya&#039;da yer alan\nDPTU Pu\u00e7ko Petrol DOOEL, ki\u015fisel veri koleksiyonlar\u0131n\u0131n sahibidir. DPTU\nPu\u00e7ko Petrol DOOEL, web sitesinin i\u00e7eri\u011fini ve i\u015flevselli\u011fini iyile\u015ftirmek i\u00e7in\nsadece taraf\u0131n\u0131zdan sa\u011flanan verileri kullan\u0131r. Bu gizlilik politikas\u0131 yaln\u0131zca\nDPTU Pu\u00e7ko Petrol DOOEL web sitesi ve alt alanlar\u0131n\u0131 kapsar. Di\u011fer web\nsitelerine y\u00f6nelik ba\u011flant\u0131lar bu politikaya dahil de\u011fildir ve DPTU Pu\u00e7ko Petrol\nDOOEL bu sitelerin ki\u015fisel veri korumas\u0131ndan sorumlu de\u011fildir. Ki\u015fisel\nverileriniz, size DPTU Putsko Petrol DOOEL taraf\u0131ndan sunulan avantajlar\u0131 ve\ng\u00fcncellemeleri sa\u011flamak i\u00e7in kullan\u0131lacakt\u0131r.<\/p><p style=\"font-weight: 400;\">Ki\u015fisel verileriniz, web sitesini ziyaret etti\u011finizde, i\u015f ba\u015fvurusu yapt\u0131\u011f\u0131n\u0131zda,\netkinli\u011fe kat\u0131ld\u0131\u011f\u0131n\u0131zda, kartvizit bilgilerinizi sundu\u011funuzda, e-posta\nb\u00fcltenlerine abone oldu\u011funuzda, kurumunuzu tan\u0131tt\u0131\u011f\u0131n\u0131zda veya bilgi\ntalebinde bulundu\u011funuzda toplanabilir. Haber ve g\u00fcncellemeler almay\u0131 tercih\nederseniz, e-posta adresiniz sadece bu ama\u00e7la kullan\u0131lacakt\u0131r. Herhangi bir\nzamanda vazge\u00e7ebilir ve e-posta adresiniz kal\u0131c\u0131 olarak veritaban\u0131m\u0131zdan\nkald\u0131r\u0131lacakt\u0131r. Web sitemizi ziyaret etti\u011finizde, oturum a\u00e7t\u0131\u011f\u0131n\u0131zda veya\nyorum b\u0131rakt\u0131\u011f\u0131n\u0131zda ad\u0131n\u0131z\u0131, soyad\u0131n\u0131z\u0131, \u015firketinizi, telefonunuzu, e-posta\nadresinizi ve adresinizi talep edebiliriz. Bu bilgiler, ihtiya\u00e7lar\u0131n\u0131za yan\u0131t\nvermek ve etkili bir hizmet ve destek sa\u011flamak i\u00e7in kullan\u0131l\u0131r. E-posta\ng\u00f6nderenin adresine g\u00f6re g\u00f6nderilen mesajlara veya sorulara cevap veririz.\n\nE-posta adresiniz ba\u015fka herhangi bir ama\u00e7la kullan\u0131lmaz ve talebinize yan\u0131t\nvermek d\u0131\u015f\u0131nda \u00fc\u00e7\u00fcnc\u00fc \u015fah\u0131slarla payla\u015f\u0131lmaz.<\/p><p style=\"font-weight: 400;\">DPTU Pu\u00e7ko Petrol DOOEL, yasal bir zorunluluk durumunda veya i\u015f ve\nkullan\u0131c\u0131lar\u0131m\u0131z\u0131n \u00e7\u0131karlar\u0131n\u0131 korumak i\u00e7in gerekli oldu\u011funda ki\u015fisel verilerinizi\nif\u015fa etme hakk\u0131n\u0131 sakl\u0131 tutar. DPTU Pu\u00e7ko Petrol DOOEL&#039;in i\u00e7inde ki\u015fisel\nverilere eri\u015fim, size sunulan hizmetleri sa\u011flamak i\u00e7in gerekli olan personelle\ns\u0131n\u0131rl\u0131d\u0131r. DPTU Pu\u00e7ko Petrol DOOEL, ki\u015fisel verilerin yetkisiz eri\u015fim, if\u015fa,\ni\u015flenme ve k\u00f6t\u00fcye kullan\u0131m\u0131ndan korunmas\u0131 i\u00e7in gerekli teknik ve\norganizasyonel \u00f6nlemleri al\u0131r. DPTU Pu\u00e7ko Petrol DOOEL taraf\u0131ndan toplanan\nveriler, i\u015flemenin amac\u0131na ula\u015f\u0131ld\u0131\u011f\u0131nda yasalara uygun olarak saklan\u0131r. Bu\ns\u00fcrenin sonunda, veriler DPTU Pu\u00e7ko Petrol DOOEL sisteminde silinecektir.<\/p>\t\t\t\t\t\t\t\t<\/div>\n\t\t\t\t<\/div>\n\t\t\t\t<div class=\"elementor-element elementor-element-299013d elementor-widget elementor-widget-heading\" data-id=\"299013d\" data-element_type=\"widget\" data-e-type=\"widget\" data-widget_type=\"heading.default\">\n\t\t\t\t<div class=\"elementor-widget-container\">\n\t\t\t\t\t<h2 class=\"elementor-heading-title elementor-size-default\">Gizlilik Politikas\u0131<\/h2>\t\t\t\t<\/div>\n\t\t\t\t<\/div>\n\t\t\t\t<div class=\"elementor-element elementor-element-42994c54 elementor-widget elementor-widget-text-editor\" data-id=\"42994c54\" data-element_type=\"widget\" data-e-type=\"widget\" data-widget_type=\"text-editor.default\">\n\t\t\t\t<div class=\"elementor-widget-container\">\n\t\t\t\t\t\t\t\t\t<p>M\u00fc\u015fteri ihtiya\u00e7lar\u0131na cevap verebilmek i\u00e7in DPTU Pu\u00e7ko Petrol DOOEL web\nsitesinin 7\/24 eri\u015filebilir olmas\u0131n\u0131 sa\u011flamaya \u00e7al\u0131\u015f\u0131r. Ancak teknik sorunlar\n\nveya DPTU Pu\u00e7ko Petrol DOOEL&#039;in kontrol\u00fc d\u0131\u015f\u0131ndaki d\u0131\u015f fakt\u00f6rler nedeniyle\nge\u00e7ici eri\u015fim sorunlar\u0131 veya kesintiler olu\u015fabilir. Bu durumlarda herhangi bir\nsorumluluk kabul edilmemekte ve kesintisiz eri\u015fim garanti edilememektedir.\nDPTU Pu\u00e7ko Petrol DOOEL web sitesinde yay\u0131mlanan t\u00fcm veri ve bilgiler\nsadece bilgilendirme ama\u00e7l\u0131 olup, mevcut ko\u015fullar ve gereksinimler\ndo\u011frultusunda de\u011fi\u015ftirilebilir ve g\u00fcncellenebilir. \u0130nternetin benzersiz do\u011fas\u0131\ngere\u011fi, Kuzey Makedonya Cumhuriyeti yasalar\u0131 ile belirtilmedi\u011fi s\u00fcrece, DPTU\nPu\u00e7ko Petrol DOOEL yay\u0131mlanan bilgilerin ve belgelerin do\u011frulu\u011fu ve\ng\u00fcvenilirli\u011fi konusunda herhangi bir sorumluluk \u00fcstlenmez. DPTU Pu\u00e7ko\nPetrol DOOEL web sitesinden bilgi, veri ve g\u00f6r\u00fcnt\u00fclerin indirilmesi,\nda\u011f\u0131t\u0131lmas\u0131, iletilmesi veya kullan\u0131lmas\u0131 kesinlikle yasakt\u0131r. Bu materyaller\nyaln\u0131zca, DPTU Pu\u00e7ko Petrol DOOEL web sitesinde belirtilen izinler\n\u00e7er\u00e7evesinde ticari olmayan ve ki\u015fisel kullan\u0131m ama\u00e7lar\u0131 i\u00e7in kullan\u0131labilir.<\/p>\t\t\t\t\t\t\t\t<\/div>\n\t\t\t\t<\/div>\n\t\t\t\t\t<\/div>\n\t\t\t\t<\/div>\n\t\t\t\t\t<\/div>\n\t\t<\/div>\n\t\t\t\t\t<\/div>\n\t\t<\/section>\n\t\t\t\t<\/div>","protected":false},"excerpt":{"rendered":"<p>\/\/ Privacy Policy Privacy Policy for Personal Data This Privacy Policy governs how DPTU Pucko Petrol LLC collects, uses, maintains, and discloses data from users visiting\u00a0\u00a0www.puckopetrol.mk\u00a0. DPTU Pucko Petrol LLC is committed to protecting your personal data from unauthorized access and use, implementing standards in accordance with legal regulations and by-laws related to personal data [&hellip;]<\/p>\n","protected":false},"author":1,"featured_media":0,"parent":0,"menu_order":12,"comment_status":"closed","ping_status":"closed","template":"elementor_header_footer","meta":{"footnotes":""},"class_list":["post-1688","page","type-page","status-publish","hentry"],"_links":{"self":[{"href":"https:\/\/puckopetrol.mk\/tr\/wp-json\/wp\/v2\/pages\/1688","targetHints":{"allow":["GET"]}}],"collection":[{"href":"https:\/\/puckopetrol.mk\/tr\/wp-json\/wp\/v2\/pages"}],"about":[{"href":"https:\/\/puckopetrol.mk\/tr\/wp-json\/wp\/v2\/types\/page"}],"author":[{"embeddable":true,"href":"https:\/\/puckopetrol.mk\/tr\/wp-json\/wp\/v2\/users\/1"}],"replies":[{"embeddable":true,"href":"https:\/\/puckopetrol.mk\/tr\/wp-json\/wp\/v2\/comments?post=1688"}],"version-history":[{"count":37,"href":"https:\/\/puckopetrol.mk\/tr\/wp-json\/wp\/v2\/pages\/1688\/revisions"}],"predecessor-version":[{"id":1916,"href":"https:\/\/puckopetrol.mk\/tr\/wp-json\/wp\/v2\/pages\/1688\/revisions\/1916"}],"wp:attachment":[{"href":"https:\/\/puckopetrol.mk\/tr\/wp-json\/wp\/v2\/media?parent=1688"}],"curies":[{"name":"wp","href":"https:\/\/api.w.org\/{rel}","templated":true}]}}