{"id":316,"date":"2023-02-10T00:39:07","date_gmt":"2023-02-10T00:39:07","guid":{"rendered":"https:\/\/puckopetrol.mk\/?page_id=316"},"modified":"2024-05-20T08:33:19","modified_gmt":"2024-05-20T08:33:19","slug":"why-us","status":"publish","type":"page","link":"https:\/\/puckopetrol.mk\/tr\/why-us\/","title":{"rendered":"Why Us"},"content":{"rendered":"<div data-elementor-type=\"wp-page\" data-elementor-id=\"316\" class=\"elementor elementor-316\" data-elementor-post-type=\"page\">\n\t\t\t\t\t\t<section class=\"elementor-section elementor-top-section elementor-element elementor-element-7ffb56a6 elementor-section-height-min-height elementor-section-boxed elementor-section-height-default elementor-section-items-middle\" data-id=\"7ffb56a6\" data-element_type=\"section\" data-e-type=\"section\" data-settings=\"{&quot;background_background&quot;:&quot;classic&quot;}\">\n\t\t\t\t\t\t<div class=\"elementor-container elementor-column-gap-default\">\n\t\t\t\t\t<div class=\"elementor-column elementor-col-100 elementor-top-column elementor-element elementor-element-8acd51e\" data-id=\"8acd51e\" data-element_type=\"column\" data-e-type=\"column\">\n\t\t\t<div class=\"elementor-widget-wrap elementor-element-populated\">\n\t\t\t\t\t\t<div class=\"elementor-element elementor-element-24dfd9c2 elementor-widget elementor-widget-heading\" data-id=\"24dfd9c2\" data-element_type=\"widget\" data-e-type=\"widget\" data-widget_type=\"heading.default\">\n\t\t\t\t<div class=\"elementor-widget-container\">\n\t\t\t\t\t<h2 class=\"elementor-heading-title elementor-size-default\">Why Us<\/h2>\t\t\t\t<\/div>\n\t\t\t\t<\/div>\n\t\t\t\t<div class=\"elementor-element elementor-element-4f13493 elementor-widget elementor-widget-html\" data-id=\"4f13493\" data-element_type=\"widget\" data-e-type=\"widget\" data-widget_type=\"html.default\">\n\t\t\t\t<div class=\"elementor-widget-container\">\n\t\t\t\t\t<div class=\"bradcrumbs\">\n    <a href=\"\/tr\/home\/\">Evinizde<\/a> \/ <span >Why us<\/span>\n<\/div>\t\t\t\t<\/div>\n\t\t\t\t<\/div>\n\t\t\t\t\t<\/div>\n\t\t<\/div>\n\t\t\t\t\t<\/div>\n\t\t<\/section>\n\t\t\t\t<section class=\"elementor-section elementor-top-section elementor-element elementor-element-478de88b elementor-section-content-middle elementor-section-boxed elementor-section-height-default elementor-section-height-default\" data-id=\"478de88b\" data-element_type=\"section\" data-e-type=\"section\">\n\t\t\t\t\t\t<div class=\"elementor-container elementor-column-gap-default\">\n\t\t\t\t\t<div class=\"elementor-column elementor-col-100 elementor-top-column elementor-element elementor-element-35526f19\" data-id=\"35526f19\" data-element_type=\"column\" data-e-type=\"column\">\n\t\t\t<div class=\"elementor-widget-wrap elementor-element-populated\">\n\t\t\t\t\t\t<div class=\"elementor-element elementor-element-3f93352f elementor-widget elementor-widget-heading\" data-id=\"3f93352f\" data-element_type=\"widget\" data-e-type=\"widget\" data-widget_type=\"heading.default\">\n\t\t\t\t<div class=\"elementor-widget-container\">\n\t\t\t\t\t<h2 class=\"elementor-heading-title elementor-size-default\">24\/7 fuel service<\/h2>\t\t\t\t<\/div>\n\t\t\t\t<\/div>\n\t\t\t\t<div class=\"elementor-element elementor-element-7591502b elementor-widget elementor-widget-text-editor\" data-id=\"7591502b\" data-element_type=\"widget\" data-e-type=\"widget\" data-widget_type=\"text-editor.default\">\n\t\t\t\t<div class=\"elementor-widget-container\">\n\t\t\t\t\t\t\t\t\t<p>24\/7 fuel service refers to a fuel supplier or station that is open and available to customers 24 hours a day, 7 days a week. This means that customers can purchase fuel at any time of day or night, regardless of regular business hours. It is also known as round the clock service.<\/p>\t\t\t\t\t\t\t\t<\/div>\n\t\t\t\t<\/div>\n\t\t\t\t\t<\/div>\n\t\t<\/div>\n\t\t\t\t\t<\/div>\n\t\t<\/section>\n\t\t\t\t<section class=\"elementor-section elementor-top-section elementor-element elementor-element-346a3ee5 elementor-section-boxed elementor-section-height-default elementor-section-height-default\" data-id=\"346a3ee5\" data-element_type=\"section\" data-e-type=\"section\">\n\t\t\t\t\t\t<div class=\"elementor-container elementor-column-gap-custom\">\n\t\t\t\t\t<div class=\"elementor-column elementor-col-25 elementor-top-column elementor-element elementor-element-67649916\" data-id=\"67649916\" data-element_type=\"column\" data-e-type=\"column\" data-settings=\"{&quot;background_background&quot;:&quot;classic&quot;}\">\n\t\t\t<div class=\"elementor-widget-wrap elementor-element-populated\">\n\t\t\t\t\t\t<div class=\"elementor-element elementor-element-266530cf elementor-widget elementor-widget-image\" data-id=\"266530cf\" data-element_type=\"widget\" data-e-type=\"widget\" data-widget_type=\"image.default\">\n\t\t\t\t<div class=\"elementor-widget-container\">\n\t\t\t\t\t\t\t\t\t\t\t\t\t\t\t<img decoding=\"async\" width=\"111\" height=\"45\" src=\"https:\/\/puckopetrol.mk\/wp-content\/uploads\/2023\/02\/fuel.svg\" class=\"attachment-large size-large wp-image-288\" alt=\"\" \/>\t\t\t\t\t\t\t\t\t\t\t\t\t\t\t<\/div>\n\t\t\t\t<\/div>\n\t\t\t\t<div class=\"elementor-element elementor-element-39d37f51 elementor-widget elementor-widget-text-editor\" data-id=\"39d37f51\" data-element_type=\"widget\" data-e-type=\"widget\" data-widget_type=\"text-editor.default\">\n\t\t\t\t<div class=\"elementor-widget-container\">\n\t\t\t\t\t\t\t\t\t<p><span style=\"white-space: pre-wrap;\">Yak\u0131t dolumu<\/span><\/p>\t\t\t\t\t\t\t\t<\/div>\n\t\t\t\t<\/div>\n\t\t\t\t\t<\/div>\n\t\t<\/div>\n\t\t\t\t<div class=\"elementor-column elementor-col-25 elementor-top-column elementor-element elementor-element-f1e8679\" data-id=\"f1e8679\" data-element_type=\"column\" data-e-type=\"column\" data-settings=\"{&quot;background_background&quot;:&quot;classic&quot;}\">\n\t\t\t<div class=\"elementor-widget-wrap elementor-element-populated\">\n\t\t\t\t\t\t<div class=\"elementor-element elementor-element-77c505eb elementor-widget elementor-widget-image\" data-id=\"77c505eb\" data-element_type=\"widget\" data-e-type=\"widget\" data-widget_type=\"image.default\">\n\t\t\t\t<div class=\"elementor-widget-container\">\n\t\t\t\t\t\t\t\t\t\t\t\t\t\t\t<img decoding=\"async\" width=\"41\" height=\"59\" src=\"https:\/\/puckopetrol.mk\/wp-content\/uploads\/2023\/02\/3.svg\" class=\"attachment-large size-large wp-image-289\" alt=\"\" \/>\t\t\t\t\t\t\t\t\t\t\t\t\t\t\t<\/div>\n\t\t\t\t<\/div>\n\t\t\t\t<div class=\"elementor-element elementor-element-af9a449 elementor-widget elementor-widget-text-editor\" data-id=\"af9a449\" data-element_type=\"widget\" data-e-type=\"widget\" data-widget_type=\"text-editor.default\">\n\t\t\t\t<div class=\"elementor-widget-container\">\n\t\t\t\t\t\t\t\t\t<p>Motor ya\u011f\u0131<\/p><p class=\"p1\">kontrol\u00fc\/de\u011fi\u015fimi<\/p>\t\t\t\t\t\t\t\t<\/div>\n\t\t\t\t<\/div>\n\t\t\t\t\t<\/div>\n\t\t<\/div>\n\t\t\t\t<div class=\"elementor-column elementor-col-25 elementor-top-column elementor-element elementor-element-3092d75e\" data-id=\"3092d75e\" data-element_type=\"column\" data-e-type=\"column\" data-settings=\"{&quot;background_background&quot;:&quot;classic&quot;}\">\n\t\t\t<div class=\"elementor-widget-wrap elementor-element-populated\">\n\t\t\t\t\t\t<div class=\"elementor-element elementor-element-77cfa5b2 elementor-widget elementor-widget-image\" data-id=\"77cfa5b2\" data-element_type=\"widget\" data-e-type=\"widget\" data-widget_type=\"image.default\">\n\t\t\t\t<div class=\"elementor-widget-container\">\n\t\t\t\t\t\t\t\t\t\t\t\t\t\t\t<img decoding=\"async\" width=\"68\" height=\"60\" src=\"https:\/\/puckopetrol.mk\/wp-content\/uploads\/2023\/02\/4.svg\" class=\"attachment-large size-large wp-image-290\" alt=\"\" \/>\t\t\t\t\t\t\t\t\t\t\t\t\t\t\t<\/div>\n\t\t\t\t<\/div>\n\t\t\t\t<div class=\"elementor-element elementor-element-7a6d4183 elementor-widget elementor-widget-text-editor\" data-id=\"7a6d4183\" data-element_type=\"widget\" data-e-type=\"widget\" data-widget_type=\"text-editor.default\">\n\t\t\t\t<div class=\"elementor-widget-container\">\n\t\t\t\t\t\t\t\t\t<p class=\"p1\">Tire pressure checking<\/p>\t\t\t\t\t\t\t\t<\/div>\n\t\t\t\t<\/div>\n\t\t\t\t\t<\/div>\n\t\t<\/div>\n\t\t\t\t<div class=\"elementor-column elementor-col-25 elementor-top-column elementor-element elementor-element-96c520a\" data-id=\"96c520a\" data-element_type=\"column\" data-e-type=\"column\" data-settings=\"{&quot;background_background&quot;:&quot;classic&quot;}\">\n\t\t\t<div class=\"elementor-widget-wrap elementor-element-populated\">\n\t\t\t\t\t\t<div class=\"elementor-element elementor-element-27d53a92 elementor-widget elementor-widget-image\" data-id=\"27d53a92\" data-element_type=\"widget\" data-e-type=\"widget\" data-widget_type=\"image.default\">\n\t\t\t\t<div class=\"elementor-widget-container\">\n\t\t\t\t\t\t\t\t\t\t\t\t\t\t\t<img loading=\"lazy\" decoding=\"async\" width=\"53\" height=\"55\" src=\"https:\/\/puckopetrol.mk\/wp-content\/uploads\/2023\/02\/7.svg\" class=\"attachment-large size-large wp-image-293\" alt=\"\" \/>\t\t\t\t\t\t\t\t\t\t\t\t\t\t\t<\/div>\n\t\t\t\t<\/div>\n\t\t\t\t<div class=\"elementor-element elementor-element-2fc5ced0 elementor-widget elementor-widget-text-editor\" data-id=\"2fc5ced0\" data-element_type=\"widget\" data-e-type=\"widget\" data-widget_type=\"text-editor.default\">\n\t\t\t\t<div class=\"elementor-widget-container\">\n\t\t\t\t\t\t\t\t\t<p class=\"p1\">Ara\u00e7 lambalar\u0131n\u0131n de\u011fi\u015ftirilmesi<\/p>\t\t\t\t\t\t\t\t<\/div>\n\t\t\t\t<\/div>\n\t\t\t\t\t<\/div>\n\t\t<\/div>\n\t\t\t\t\t<\/div>\n\t\t<\/section>\n\t\t\t\t<section class=\"elementor-section elementor-top-section elementor-element elementor-element-365385dd elementor-section-boxed elementor-section-height-default elementor-section-height-default\" data-id=\"365385dd\" data-element_type=\"section\" data-e-type=\"section\">\n\t\t\t\t\t\t<div class=\"elementor-container elementor-column-gap-custom\">\n\t\t\t\t\t<div class=\"elementor-column elementor-col-25 elementor-top-column elementor-element elementor-element-47a35657\" data-id=\"47a35657\" data-element_type=\"column\" data-e-type=\"column\" data-settings=\"{&quot;background_background&quot;:&quot;classic&quot;}\">\n\t\t\t<div class=\"elementor-widget-wrap elementor-element-populated\">\n\t\t\t\t\t\t<div class=\"elementor-element elementor-element-6d4d0cd9 elementor-widget elementor-widget-image\" data-id=\"6d4d0cd9\" data-element_type=\"widget\" data-e-type=\"widget\" data-widget_type=\"image.default\">\n\t\t\t\t<div class=\"elementor-widget-container\">\n\t\t\t\t\t\t\t\t\t\t\t\t\t\t\t<img loading=\"lazy\" decoding=\"async\" width=\"67\" height=\"54\" src=\"https:\/\/puckopetrol.mk\/wp-content\/uploads\/2023\/02\/5.svg\" class=\"attachment-large size-large wp-image-291\" alt=\"\" \/>\t\t\t\t\t\t\t\t\t\t\t\t\t\t\t<\/div>\n\t\t\t\t<\/div>\n\t\t\t\t<div class=\"elementor-element elementor-element-3692f02 elementor-widget elementor-widget-text-editor\" data-id=\"3692f02\" data-element_type=\"widget\" data-e-type=\"widget\" data-widget_type=\"text-editor.default\">\n\t\t\t\t<div class=\"elementor-widget-container\">\n\t\t\t\t\t\t\t\t\t<p class=\"p1\">\u00d6n cam temizli\u011fi<\/p>\t\t\t\t\t\t\t\t<\/div>\n\t\t\t\t<\/div>\n\t\t\t\t\t<\/div>\n\t\t<\/div>\n\t\t\t\t<div class=\"elementor-column elementor-col-25 elementor-top-column elementor-element elementor-element-4ddb38d1\" data-id=\"4ddb38d1\" data-element_type=\"column\" data-e-type=\"column\" data-settings=\"{&quot;background_background&quot;:&quot;classic&quot;}\">\n\t\t\t<div class=\"elementor-widget-wrap elementor-element-populated\">\n\t\t\t\t\t\t<div class=\"elementor-element elementor-element-2a70d35c elementor-widget elementor-widget-image\" data-id=\"2a70d35c\" data-element_type=\"widget\" data-e-type=\"widget\" data-widget_type=\"image.default\">\n\t\t\t\t<div class=\"elementor-widget-container\">\n\t\t\t\t\t\t\t\t\t\t\t\t\t\t\t<img loading=\"lazy\" decoding=\"async\" width=\"68\" height=\"69\" src=\"https:\/\/puckopetrol.mk\/wp-content\/uploads\/2023\/02\/6.svg\" class=\"attachment-large size-large wp-image-292\" alt=\"\" \/>\t\t\t\t\t\t\t\t\t\t\t\t\t\t\t<\/div>\n\t\t\t\t<\/div>\n\t\t\t\t<div class=\"elementor-element elementor-element-6567f2f9 elementor-widget elementor-widget-text-editor\" data-id=\"6567f2f9\" data-element_type=\"widget\" data-e-type=\"widget\" data-widget_type=\"text-editor.default\">\n\t\t\t\t<div class=\"elementor-widget-container\">\n\t\t\t\t\t\t\t\t\t<p class=\"p1\">Sileceklerin de\u011fi\u015ftirilmesi<\/p>\t\t\t\t\t\t\t\t<\/div>\n\t\t\t\t<\/div>\n\t\t\t\t\t<\/div>\n\t\t<\/div>\n\t\t\t\t<div class=\"elementor-column elementor-col-25 elementor-top-column elementor-element elementor-element-74fcb6b5\" data-id=\"74fcb6b5\" data-element_type=\"column\" data-e-type=\"column\" data-settings=\"{&quot;background_background&quot;:&quot;classic&quot;}\">\n\t\t\t<div class=\"elementor-widget-wrap elementor-element-populated\">\n\t\t\t\t\t\t<div class=\"elementor-element elementor-element-31be97fd elementor-widget elementor-widget-image\" data-id=\"31be97fd\" data-element_type=\"widget\" data-e-type=\"widget\" data-widget_type=\"image.default\">\n\t\t\t\t<div class=\"elementor-widget-container\">\n\t\t\t\t\t\t\t\t\t\t\t\t\t\t\t<img loading=\"lazy\" decoding=\"async\" width=\"78\" height=\"59\" src=\"https:\/\/puckopetrol.mk\/wp-content\/uploads\/2023\/02\/8.svg\" class=\"attachment-large size-large wp-image-294\" alt=\"\" \/>\t\t\t\t\t\t\t\t\t\t\t\t\t\t\t<\/div>\n\t\t\t\t<\/div>\n\t\t\t\t<div class=\"elementor-element elementor-element-40ba9e9c elementor-widget elementor-widget-text-editor\" data-id=\"40ba9e9c\" data-element_type=\"widget\" data-e-type=\"widget\" data-widget_type=\"text-editor.default\">\n\t\t\t\t<div class=\"elementor-widget-container\">\n\t\t\t\t\t\t\t\t\t<p class=\"p1\">Ak\u00fc de\u011fi\u015fimi<\/p>\t\t\t\t\t\t\t\t<\/div>\n\t\t\t\t<\/div>\n\t\t\t\t\t<\/div>\n\t\t<\/div>\n\t\t\t\t<div class=\"elementor-column elementor-col-25 elementor-top-column elementor-element elementor-element-1334fa1\" data-id=\"1334fa1\" data-element_type=\"column\" data-e-type=\"column\" data-settings=\"{&quot;background_background&quot;:&quot;classic&quot;}\">\n\t\t\t<div class=\"elementor-widget-wrap elementor-element-populated\">\n\t\t\t\t\t\t<div class=\"elementor-element elementor-element-d27f398 elementor-widget elementor-widget-image\" data-id=\"d27f398\" data-element_type=\"widget\" data-e-type=\"widget\" data-widget_type=\"image.default\">\n\t\t\t\t<div class=\"elementor-widget-container\">\n\t\t\t\t\t\t\t\t\t\t\t\t\t\t\t<img loading=\"lazy\" decoding=\"async\" width=\"512\" height=\"512\" src=\"https:\/\/puckopetrol.mk\/wp-content\/uploads\/2024\/05\/windshield-washer_95154.png\" class=\"attachment-large size-large wp-image-817\" alt=\"\" srcset=\"https:\/\/puckopetrol.mk\/wp-content\/uploads\/2024\/05\/windshield-washer_95154.png 512w, https:\/\/puckopetrol.mk\/wp-content\/uploads\/2024\/05\/windshield-washer_95154-300x300.png 300w, https:\/\/puckopetrol.mk\/wp-content\/uploads\/2024\/05\/windshield-washer_95154-150x150.png 150w, https:\/\/puckopetrol.mk\/wp-content\/uploads\/2024\/05\/windshield-washer_95154-12x12.png 12w\" sizes=\"(max-width: 512px) 100vw, 512px\" \/>\t\t\t\t\t\t\t\t\t\t\t\t\t\t\t<\/div>\n\t\t\t\t<\/div>\n\t\t\t\t<div class=\"elementor-element elementor-element-313e4f06 elementor-widget elementor-widget-text-editor\" data-id=\"313e4f06\" data-element_type=\"widget\" data-e-type=\"widget\" data-widget_type=\"text-editor.default\">\n\t\t\t\t<div class=\"elementor-widget-container\">\n\t\t\t\t\t\t\t\t\t<p class=\"p1\">\u00d6n cam su deposu ve antifriz eklenmesi<\/p>\t\t\t\t\t\t\t\t<\/div>\n\t\t\t\t<\/div>\n\t\t\t\t\t<\/div>\n\t\t<\/div>\n\t\t\t\t\t<\/div>\n\t\t<\/section>\n\t\t\t\t<section class=\"elementor-section elementor-top-section elementor-element elementor-element-4adb06d elementor-section-boxed elementor-section-height-default elementor-section-height-default\" data-id=\"4adb06d\" data-element_type=\"section\" data-e-type=\"section\">\n\t\t\t\t\t\t<div class=\"elementor-container elementor-column-gap-default\">\n\t\t\t\t\t<div class=\"elementor-column elementor-col-100 elementor-top-column elementor-element elementor-element-23e2dc9\" data-id=\"23e2dc9\" data-element_type=\"column\" data-e-type=\"column\">\n\t\t\t<div class=\"elementor-widget-wrap elementor-element-populated\">\n\t\t\t\t\t\t<div class=\"elementor-element elementor-element-5493376 elementor-widget elementor-widget-video\" data-id=\"5493376\" data-element_type=\"widget\" data-e-type=\"widget\" data-settings=\"{&quot;video_type&quot;:&quot;hosted&quot;,&quot;autoplay&quot;:&quot;yes&quot;,&quot;loop&quot;:&quot;yes&quot;,&quot;controls&quot;:&quot;yes&quot;}\" data-widget_type=\"video.default\">\n\t\t\t\t<div class=\"elementor-widget-container\">\n\t\t\t\t\t\t\t<div class=\"e-hosted-video elementor-wrapper elementor-open-inline\">\n\t\t\t\t\t<video class=\"elementor-video\" src=\"https:\/\/puckopetrol.mk\/wp-content\/uploads\/2023\/04\/Pucko-Petrol-FINAL-HD-1080P.mp4\" autoplay=\"\" loop=\"\" controls=\"\" controlslist=\"nodownload\"><\/video>\n\t\t\t\t<\/div>\n\t\t\t\t\t\t<\/div>\n\t\t\t\t<\/div>\n\t\t\t\t\t<\/div>\n\t\t<\/div>\n\t\t\t\t\t<\/div>\n\t\t<\/section>\n\t\t\t\t<section class=\"elementor-section elementor-top-section elementor-element elementor-element-82ab08e elementor-section-boxed elementor-section-height-default elementor-section-height-default\" data-id=\"82ab08e\" data-element_type=\"section\" data-e-type=\"section\">\n\t\t\t\t\t\t<div class=\"elementor-container elementor-column-gap-default\">\n\t\t\t\t\t<div class=\"elementor-column elementor-col-50 elementor-top-column elementor-element elementor-element-cdd361d\" data-id=\"cdd361d\" data-element_type=\"column\" data-e-type=\"column\">\n\t\t\t<div class=\"elementor-widget-wrap elementor-element-populated\">\n\t\t\t\t\t\t<div class=\"elementor-element elementor-element-964528a elementor-widget elementor-widget-image\" data-id=\"964528a\" data-element_type=\"widget\" data-e-type=\"widget\" data-widget_type=\"image.default\">\n\t\t\t\t<div class=\"elementor-widget-container\">\n\t\t\t\t\t\t\t\t\t\t\t\t\t\t\t<img loading=\"lazy\" decoding=\"async\" width=\"800\" height=\"800\" src=\"https:\/\/puckopetrol.mk\/wp-content\/uploads\/2023\/02\/117779614_2392010824426816_4882130642522227752_n.jpg\" class=\"attachment-large size-large wp-image-331\" alt=\"\" srcset=\"https:\/\/puckopetrol.mk\/wp-content\/uploads\/2023\/02\/117779614_2392010824426816_4882130642522227752_n.jpg 1000w, https:\/\/puckopetrol.mk\/wp-content\/uploads\/2023\/02\/117779614_2392010824426816_4882130642522227752_n-300x300.jpg 300w, https:\/\/puckopetrol.mk\/wp-content\/uploads\/2023\/02\/117779614_2392010824426816_4882130642522227752_n-150x150.jpg 150w, https:\/\/puckopetrol.mk\/wp-content\/uploads\/2023\/02\/117779614_2392010824426816_4882130642522227752_n-768x768.jpg 768w, https:\/\/puckopetrol.mk\/wp-content\/uploads\/2023\/02\/117779614_2392010824426816_4882130642522227752_n-12x12.jpg 12w\" sizes=\"(max-width: 800px) 100vw, 800px\" \/>\t\t\t\t\t\t\t\t\t\t\t\t\t\t\t<\/div>\n\t\t\t\t<\/div>\n\t\t\t\t\t<\/div>\n\t\t<\/div>\n\t\t\t\t<div class=\"elementor-column elementor-col-50 elementor-top-column elementor-element elementor-element-eea289b\" data-id=\"eea289b\" data-element_type=\"column\" data-e-type=\"column\">\n\t\t\t<div class=\"elementor-widget-wrap elementor-element-populated\">\n\t\t\t\t\t\t<div class=\"elementor-element elementor-element-ea3b345 elementor-widget elementor-widget-image\" data-id=\"ea3b345\" data-element_type=\"widget\" data-e-type=\"widget\" data-widget_type=\"image.default\">\n\t\t\t\t<div class=\"elementor-widget-container\">\n\t\t\t\t\t\t\t\t\t\t\t\t\t\t\t<img loading=\"lazy\" decoding=\"async\" width=\"800\" height=\"534\" src=\"https:\/\/puckopetrol.mk\/wp-content\/uploads\/2023\/02\/zulfahmi-khani-9gvFjMVS9A0-unsplash-1024x683.jpg\" class=\"attachment-large size-large wp-image-330\" alt=\"\" srcset=\"https:\/\/puckopetrol.mk\/wp-content\/uploads\/2023\/02\/zulfahmi-khani-9gvFjMVS9A0-unsplash-1024x683.jpg 1024w, https:\/\/puckopetrol.mk\/wp-content\/uploads\/2023\/02\/zulfahmi-khani-9gvFjMVS9A0-unsplash-300x200.jpg 300w, https:\/\/puckopetrol.mk\/wp-content\/uploads\/2023\/02\/zulfahmi-khani-9gvFjMVS9A0-unsplash-768x512.jpg 768w, https:\/\/puckopetrol.mk\/wp-content\/uploads\/2023\/02\/zulfahmi-khani-9gvFjMVS9A0-unsplash-1536x1024.jpg 1536w, https:\/\/puckopetrol.mk\/wp-content\/uploads\/2023\/02\/zulfahmi-khani-9gvFjMVS9A0-unsplash-2048x1365.jpg 2048w, https:\/\/puckopetrol.mk\/wp-content\/uploads\/2023\/02\/zulfahmi-khani-9gvFjMVS9A0-unsplash-18x12.jpg 18w\" sizes=\"(max-width: 800px) 100vw, 800px\" \/>\t\t\t\t\t\t\t\t\t\t\t\t\t\t\t<\/div>\n\t\t\t\t<\/div>\n\t\t\t\t<div class=\"elementor-element elementor-element-fd47bcd elementor-widget elementor-widget-image\" data-id=\"fd47bcd\" data-element_type=\"widget\" data-e-type=\"widget\" data-widget_type=\"image.default\">\n\t\t\t\t<div class=\"elementor-widget-container\">\n\t\t\t\t\t\t\t\t\t\t\t\t\t\t\t<img loading=\"lazy\" decoding=\"async\" width=\"768\" height=\"480\" src=\"https:\/\/puckopetrol.mk\/wp-content\/uploads\/2023\/02\/energija-za-dobar-pat-so-okta-768x480-1.jpg\" class=\"attachment-large size-large wp-image-332\" alt=\"\" srcset=\"https:\/\/puckopetrol.mk\/wp-content\/uploads\/2023\/02\/energija-za-dobar-pat-so-okta-768x480-1.jpg 768w, https:\/\/puckopetrol.mk\/wp-content\/uploads\/2023\/02\/energija-za-dobar-pat-so-okta-768x480-1-300x188.jpg 300w, https:\/\/puckopetrol.mk\/wp-content\/uploads\/2023\/02\/energija-za-dobar-pat-so-okta-768x480-1-18x12.jpg 18w\" sizes=\"(max-width: 768px) 100vw, 768px\" \/>\t\t\t\t\t\t\t\t\t\t\t\t\t\t\t<\/div>\n\t\t\t\t<\/div>\n\t\t\t\t\t<\/div>\n\t\t<\/div>\n\t\t\t\t\t<\/div>\n\t\t<\/section>\n\t\t\t\t<\/div>","protected":false},"excerpt":{"rendered":"<p>Why Us Home \/ Why us 24\/7 fuel service 24\/7 fuel service refers to a fuel supplier or station that is open and available to customers 24 hours a day, 7 days a week. This means that customers can purchase fuel at any time of day or night, regardless of regular business hours. It is [&hellip;]<\/p>\n","protected":false},"author":1,"featured_media":0,"parent":0,"menu_order":13,"comment_status":"closed","ping_status":"closed","template":"elementor_header_footer","meta":{"footnotes":""},"class_list":["post-316","page","type-page","status-publish","hentry"],"_links":{"self":[{"href":"https:\/\/puckopetrol.mk\/tr\/wp-json\/wp\/v2\/pages\/316","targetHints":{"allow":["GET"]}}],"collection":[{"href":"https:\/\/puckopetrol.mk\/tr\/wp-json\/wp\/v2\/pages"}],"about":[{"href":"https:\/\/puckopetrol.mk\/tr\/wp-json\/wp\/v2\/types\/page"}],"author":[{"embeddable":true,"href":"https:\/\/puckopetrol.mk\/tr\/wp-json\/wp\/v2\/users\/1"}],"replies":[{"embeddable":true,"href":"https:\/\/puckopetrol.mk\/tr\/wp-json\/wp\/v2\/comments?post=316"}],"version-history":[{"count":40,"href":"https:\/\/puckopetrol.mk\/tr\/wp-json\/wp\/v2\/pages\/316\/revisions"}],"predecessor-version":[{"id":820,"href":"https:\/\/puckopetrol.mk\/tr\/wp-json\/wp\/v2\/pages\/316\/revisions\/820"}],"wp:attachment":[{"href":"https:\/\/puckopetrol.mk\/tr\/wp-json\/wp\/v2\/media?parent=316"}],"curies":[{"name":"wp","href":"https:\/\/api.w.org\/{rel}","templated":true}]}}