{"id":791,"date":"2024-05-14T12:10:56","date_gmt":"2024-05-14T12:10:56","guid":{"rendered":"https:\/\/puckopetrol.mk\/?page_id=791"},"modified":"2024-08-05T12:01:25","modified_gmt":"2024-08-05T12:01:25","slug":"privacy-policy","status":"publish","type":"page","link":"https:\/\/puckopetrol.mk\/tr\/privacy-policy\/","title":{"rendered":"Gizlilik Politikas\u0131"},"content":{"rendered":"<div data-elementor-type=\"wp-page\" data-elementor-id=\"791\" class=\"elementor elementor-791\" data-elementor-post-type=\"page\">\n\t\t\t\t\t\t<section class=\"elementor-section elementor-top-section elementor-element elementor-element-33d1864 elementor-section-height-min-height elementor-section-boxed elementor-section-height-default elementor-section-items-middle\" data-id=\"33d1864\" data-element_type=\"section\" data-e-type=\"section\" data-settings=\"{&quot;background_background&quot;:&quot;classic&quot;}\">\n\t\t\t\t\t\t<div class=\"elementor-container elementor-column-gap-default\">\n\t\t\t\t\t<div class=\"elementor-column elementor-col-100 elementor-top-column elementor-element elementor-element-1362688\" data-id=\"1362688\" data-element_type=\"column\" data-e-type=\"column\">\n\t\t\t<div class=\"elementor-widget-wrap elementor-element-populated\">\n\t\t\t\t\t\t<div class=\"elementor-element elementor-element-28f1781 elementor-widget elementor-widget-heading\" data-id=\"28f1781\" data-element_type=\"widget\" data-e-type=\"widget\" data-widget_type=\"heading.default\">\n\t\t\t\t<div class=\"elementor-widget-container\">\n\t\t\t\t\t<h1 class=\"elementor-heading-title elementor-size-default\">Gizlilik Politikas\u0131<\/h1>\t\t\t\t<\/div>\n\t\t\t\t<\/div>\n\t\t\t\t<div class=\"elementor-element elementor-element-739f82a elementor-widget elementor-widget-html\" data-id=\"739f82a\" data-element_type=\"widget\" data-e-type=\"widget\" data-widget_type=\"html.default\">\n\t\t\t\t<div class=\"elementor-widget-container\">\n\t\t\t\t\t<div class=\"bradcrumbs\">\n    <a href=\"\/tr\/home\/\">Evinizde<\/a> \/ <span >Terms & Conditions<\/span>\n<\/div>\t\t\t\t<\/div>\n\t\t\t\t<\/div>\n\t\t\t\t\t<\/div>\n\t\t<\/div>\n\t\t\t\t\t<\/div>\n\t\t<\/section>\n\t\t\t\t<section class=\"elementor-section elementor-top-section elementor-element elementor-element-318a050 elementor-section-boxed elementor-section-height-default elementor-section-height-default\" data-id=\"318a050\" data-element_type=\"section\" data-e-type=\"section\">\n\t\t\t\t\t\t<div class=\"elementor-container elementor-column-gap-default\">\n\t\t\t\t\t<div class=\"elementor-column elementor-col-100 elementor-top-column elementor-element elementor-element-f65334c\" data-id=\"f65334c\" data-element_type=\"column\" data-e-type=\"column\">\n\t\t\t<div class=\"elementor-widget-wrap elementor-element-populated\">\n\t\t\t\t\t\t<div class=\"elementor-element elementor-element-2547bd3 elementor-widget elementor-widget-text-editor\" data-id=\"2547bd3\" data-element_type=\"widget\" data-e-type=\"widget\" data-widget_type=\"text-editor.default\">\n\t\t\t\t<div class=\"elementor-widget-container\">\n\t\t\t\t\t\t\t\t\t<p>M\u00fc\u015fteri ihtiya\u00e7lar\u0131na cevap verebilmek i\u00e7in DPTU Pu\u00e7ko Petrol DOOEL web\nsitesinin 7\/24 eri\u015filebilir olmas\u0131n\u0131 sa\u011flamaya \u00e7al\u0131\u015f\u0131r. Ancak teknik sorunlar\n\nveya DPTU Pu\u00e7ko Petrol DOOEL&#039;in kontrol\u00fc d\u0131\u015f\u0131ndaki d\u0131\u015f fakt\u00f6rler nedeniyle\nge\u00e7ici eri\u015fim sorunlar\u0131 veya kesintiler olu\u015fabilir. Bu durumlarda herhangi bir\nsorumluluk kabul edilmemekte ve kesintisiz eri\u015fim garanti edilememektedir.\nDPTU Pu\u00e7ko Petrol DOOEL web sitesinde yay\u0131mlanan t\u00fcm veri ve bilgiler\nsadece bilgilendirme ama\u00e7l\u0131 olup, mevcut ko\u015fullar ve gereksinimler\ndo\u011frultusunda de\u011fi\u015ftirilebilir ve g\u00fcncellenebilir. \u0130nternetin benzersiz do\u011fas\u0131\ngere\u011fi, Kuzey Makedonya Cumhuriyeti yasalar\u0131 ile belirtilmedi\u011fi s\u00fcrece, DPTU\nPu\u00e7ko Petrol DOOEL yay\u0131mlanan bilgilerin ve belgelerin do\u011frulu\u011fu ve\ng\u00fcvenilirli\u011fi konusunda herhangi bir sorumluluk \u00fcstlenmez. DPTU Pu\u00e7ko\nPetrol DOOEL web sitesinden bilgi, veri ve g\u00f6r\u00fcnt\u00fclerin indirilmesi,\nda\u011f\u0131t\u0131lmas\u0131, iletilmesi veya kullan\u0131lmas\u0131 kesinlikle yasakt\u0131r. Bu materyaller\nyaln\u0131zca, DPTU Pu\u00e7ko Petrol DOOEL web sitesinde belirtilen izinler\n\u00e7er\u00e7evesinde ticari olmayan ve ki\u015fisel kullan\u0131m ama\u00e7lar\u0131 i\u00e7in kullan\u0131labilir.<\/p>\t\t\t\t\t\t\t\t<\/div>\n\t\t\t\t<\/div>\n\t\t\t\t\t<\/div>\n\t\t<\/div>\n\t\t\t\t\t<\/div>\n\t\t<\/section>\n\t\t<div class=\"elementor-element elementor-element-21e9ed8 e-flex e-con-boxed e-con e-parent\" data-id=\"21e9ed8\" data-element_type=\"container\" data-e-type=\"container\">\n\t\t\t\t\t<div class=\"e-con-inner\">\n\t\t\t\t<div class=\"elementor-element elementor-element-b81d5b3 elementor-widget-divider--view-line elementor-widget elementor-widget-divider\" data-id=\"b81d5b3\" data-element_type=\"widget\" data-e-type=\"widget\" data-widget_type=\"divider.default\">\n\t\t\t\t<div class=\"elementor-widget-container\">\n\t\t\t\t\t\t\t<div class=\"elementor-divider\">\n\t\t\t<span class=\"elementor-divider-separator\">\n\t\t\t\t\t\t<\/span>\n\t\t<\/div>\n\t\t\t\t\t\t<\/div>\n\t\t\t\t<\/div>\n\t\t\t\t\t<\/div>\n\t\t\t\t<\/div>\n\t\t\t\t<\/div>","protected":false},"excerpt":{"rendered":"<p>Privacy Policy Home \/ Terms &#038; Conditions To meet your needs and requests, DPTU Pucko Petrol LLC will try to ensure 24\/7 availability of its website. However, in case of temporary unavailability or interruptions due to technical issues or external factors beyond DPTU Pucko Petrol LLC\u2019s control, we do not assume any responsibility and cannot [&hellip;]<\/p>\n","protected":false},"author":1,"featured_media":0,"parent":0,"menu_order":11,"comment_status":"closed","ping_status":"closed","template":"elementor_header_footer","meta":{"footnotes":""},"class_list":["post-791","page","type-page","status-publish","hentry"],"_links":{"self":[{"href":"https:\/\/puckopetrol.mk\/tr\/wp-json\/wp\/v2\/pages\/791","targetHints":{"allow":["GET"]}}],"collection":[{"href":"https:\/\/puckopetrol.mk\/tr\/wp-json\/wp\/v2\/pages"}],"about":[{"href":"https:\/\/puckopetrol.mk\/tr\/wp-json\/wp\/v2\/types\/page"}],"author":[{"embeddable":true,"href":"https:\/\/puckopetrol.mk\/tr\/wp-json\/wp\/v2\/users\/1"}],"replies":[{"embeddable":true,"href":"https:\/\/puckopetrol.mk\/tr\/wp-json\/wp\/v2\/comments?post=791"}],"version-history":[{"count":34,"href":"https:\/\/puckopetrol.mk\/tr\/wp-json\/wp\/v2\/pages\/791\/revisions"}],"predecessor-version":[{"id":1893,"href":"https:\/\/puckopetrol.mk\/tr\/wp-json\/wp\/v2\/pages\/791\/revisions\/1893"}],"wp:attachment":[{"href":"https:\/\/puckopetrol.mk\/tr\/wp-json\/wp\/v2\/media?parent=791"}],"curies":[{"name":"wp","href":"https:\/\/api.w.org\/{rel}","templated":true}]}}