{"id":853,"date":"2024-05-22T09:21:29","date_gmt":"2024-05-22T09:21:29","guid":{"rendered":"https:\/\/puckopetrol.mk\/?page_id=853"},"modified":"2024-06-27T10:54:53","modified_gmt":"2024-06-27T10:54:53","slug":"program-guarantee","status":"publish","type":"page","link":"https:\/\/puckopetrol.mk\/tr\/program-guarantee\/","title":{"rendered":"Program Guarantee"},"content":{"rendered":"<div data-elementor-type=\"wp-page\" data-elementor-id=\"853\" class=\"elementor elementor-853\" data-elementor-post-type=\"page\">\n\t\t\t\t\t\t<section class=\"elementor-section elementor-top-section elementor-element elementor-element-15cda1bf elementor-section-full_width herofixed elementor-section-height-default elementor-section-height-default\" data-id=\"15cda1bf\" data-element_type=\"section\" data-e-type=\"section\" data-settings=\"{&quot;background_background&quot;:&quot;classic&quot;}\">\n\t\t\t\t\t\t\t<div class=\"elementor-background-overlay\"><\/div>\n\t\t\t\t\t\t\t<div class=\"elementor-container elementor-column-gap-default\">\n\t\t\t\t\t<div class=\"elementor-column elementor-col-50 elementor-top-column elementor-element elementor-element-282a85a6\" data-id=\"282a85a6\" data-element_type=\"column\" data-e-type=\"column\">\n\t\t\t<div class=\"elementor-widget-wrap\">\n\t\t\t\t\t\t\t<\/div>\n\t\t<\/div>\n\t\t\t\t<div class=\"elementor-column elementor-col-50 elementor-top-column elementor-element elementor-element-536db2af\" data-id=\"536db2af\" data-element_type=\"column\" data-e-type=\"column\">\n\t\t\t<div class=\"elementor-widget-wrap elementor-element-populated\">\n\t\t\t\t\t\t<div class=\"elementor-element elementor-element-416a3978 elementor-widget elementor-widget-heading\" data-id=\"416a3978\" data-element_type=\"widget\" data-e-type=\"widget\" data-widget_type=\"heading.default\">\n\t\t\t\t<div class=\"elementor-widget-container\">\n\t\t\t\t\t<h2 class=\"elementor-heading-title elementor-size-default\">Garanti Program\u0131<\/h2>\t\t\t\t<\/div>\n\t\t\t\t<\/div>\n\t\t<div class=\"elementor-element elementor-element-3df09f31 scrollcard e-con-full e-flex e-con e-parent\" data-id=\"3df09f31\" data-element_type=\"container\" data-e-type=\"container\">\n\t\t\t\t<div class=\"elementor-element elementor-element-700949a elementor-widget elementor-widget-text-editor\" data-id=\"700949a\" data-element_type=\"widget\" data-e-type=\"widget\" data-widget_type=\"text-editor.default\">\n\t\t\t\t<div class=\"elementor-widget-container\">\n\t\t\t\t\t\t\t\t\t<h3><strong>Garanti Program\u0131 - OKTA markal\u0131 benzin istasyonlar\u0131nda yak\u0131t kalitesi ve\nmiktar\u0131n\u0131n kontrol\u00fc i\u00e7in kapsaml\u0131 bir program.<\/strong><\/h3><div>M\u00fc\u015fterilerimizin g\u00fcveni bizim i\u00e7in en b\u00fcy\u00fck \u00f6nem ta\u015f\u0131maktad\u0131r. Bu nedenle\nOKTA&#039;da yak\u0131t kalitesi ve miktar\u0131n\u0131 kontrol etmek i\u00e7in Garanti Program\u0131&#039;n\u0131\nolu\u015fturduk.<\/div><div>\u00a0<\/div><div>Bu program kapsam\u0131nda, ba\u011f\u0131ms\u0131z kontrol\u00f6rlerden olu\u015fan \u00f6zel e\u011fitimli bir\nekip taraf\u0131ndan y\u00f6netilen mobil laboratuvar, OKTA&#039;n\u0131n perakende a\u011f\u0131 boyunca\nd\u00fczenli ve anonsuz kontroller ger\u00e7ekle\u015ftirir. Programa g\u00f6re, \u00f6ncelikle yak\u0131t\ndolum makinelerinde vol\u00fcmetrik kontroller yap\u0131l\u0131r. Sonraki ad\u0131m, yak\u0131t\u0131n\nbelirli yo\u011funlu\u011funu ve s\u0131cakl\u0131\u011f\u0131n\u0131 belirleyen kalitatif bir kontrol\u00fc i\u00e7erir. Bu\nad\u0131mdan sonra numune alma s\u00fcrecine ge\u00e7ilir. Numune alma i\u015flemi, ilgili\nakredite laboratuvarda yak\u0131t\u0131n kalitatif \u00f6zelliklerinin ek bir kontrol\u00fc i\u00e7in\nkullan\u0131lacak \u00f6rneklerin al\u0131nmas\u0131d\u0131r. Yak\u0131t kalitesi analizleri hem benzin\nistasyonunda hem de laboratuvar ko\u015fullar\u0131nda yap\u0131l\u0131r, b\u00f6ylece \u00f6rne\u011fin\ng\u00fcvenilirli\u011fi ve kontrol\u00fc garanti alt\u0131na al\u0131n\u0131r.<\/div><div>\u00a0<\/div><div>Kontrol ve yak\u0131t miktar\u0131n\u0131n do\u011fruland\u0131ktan sonra, kontrol edilen yak\u0131t dolum\nmakineleri &quot;Kontrol Edildi&quot; yazan sar\u0131 bir bantla i\u015faretlenir. Ba\u015far\u0131l\u0131 bir \u015fekilde\ntesti ge\u00e7en her benzin istasyonu bir sertifika al\u0131r.<\/div><div>\u00a0<\/div><div>OKTA&#039;da m\u00fc\u015fterilerimiz her bir litre i\u00e7in kendilerini g\u00fcvende ve emniyet\ni\u00e7inde hissedebilirler!<\/div>\t\t\t\t\t\t\t\t<\/div>\n\t\t\t\t<\/div>\n\t\t\t\t<div class=\"elementor-element elementor-element-059db52 elementor-widget elementor-widget-image\" data-id=\"059db52\" data-element_type=\"widget\" data-e-type=\"widget\" data-widget_type=\"image.default\">\n\t\t\t\t<div class=\"elementor-widget-container\">\n\t\t\t\t\t\t\t\t\t\t\t\t\t\t\t<img fetchpriority=\"high\" decoding=\"async\" width=\"800\" height=\"387\" src=\"https:\/\/puckopetrol.mk\/wp-content\/uploads\/2024\/06\/Programa-GARANCIJA-2023-01.jpg\" class=\"attachment-large size-large wp-image-1314\" alt=\"\" srcset=\"https:\/\/puckopetrol.mk\/wp-content\/uploads\/2024\/06\/Programa-GARANCIJA-2023-01.jpg 1011w, https:\/\/puckopetrol.mk\/wp-content\/uploads\/2024\/06\/Programa-GARANCIJA-2023-01-300x145.jpg 300w, https:\/\/puckopetrol.mk\/wp-content\/uploads\/2024\/06\/Programa-GARANCIJA-2023-01-768x371.jpg 768w, https:\/\/puckopetrol.mk\/wp-content\/uploads\/2024\/06\/Programa-GARANCIJA-2023-01-18x9.jpg 18w\" sizes=\"(max-width: 800px) 100vw, 800px\" \/>\t\t\t\t\t\t\t\t\t\t\t\t\t\t\t<\/div>\n\t\t\t\t<\/div>\n\t\t<div class=\"elementor-element elementor-element-615f5c4 e-con-full e-flex e-con e-child\" data-id=\"615f5c4\" data-element_type=\"container\" data-e-type=\"container\">\n\t\t\t\t<div class=\"elementor-element elementor-element-3b31e9a elementor-widget elementor-widget-video\" data-id=\"3b31e9a\" data-element_type=\"widget\" data-e-type=\"widget\" data-settings=\"{&quot;youtube_url&quot;:&quot;https:\\\/\\\/www.youtube.com\\\/watch?v=tY9_A7StdNc&amp;ab_channel=OptimumCreativeSolutions&quot;,&quot;video_type&quot;:&quot;youtube&quot;,&quot;controls&quot;:&quot;yes&quot;}\" data-widget_type=\"video.default\">\n\t\t\t\t<div class=\"elementor-widget-container\">\n\t\t\t\t\t\t\t<div class=\"elementor-wrapper elementor-open-inline\">\n\t\t\t<div class=\"elementor-video\"><\/div>\t\t<\/div>\n\t\t\t\t\t\t<\/div>\n\t\t\t\t<\/div>\n\t\t\t\t<\/div>\n\t\t\t\t<\/div>\n\t\t\t\t\t<\/div>\n\t\t<\/div>\n\t\t\t\t\t<\/div>\n\t\t<\/section>\n\t\t\t\t<\/div>","protected":false},"excerpt":{"rendered":"<p>\/\/ PROGRAM GUARANTEE Program Guarantee &#8211; the first comprehensive program for control of the quality and quantity of fuels Our customers&#8217; trust is of utmost importance to us. Therefore in OKTA, we created the program Guarantee for control of the quality and quantity of fuels at the petrol stations with brand OKTA.\u00a0The mobile laboratory managed [&hellip;]<\/p>\n","protected":false},"author":1,"featured_media":0,"parent":0,"menu_order":9,"comment_status":"closed","ping_status":"closed","template":"elementor_header_footer","meta":{"footnotes":""},"class_list":["post-853","page","type-page","status-publish","hentry"],"_links":{"self":[{"href":"https:\/\/puckopetrol.mk\/tr\/wp-json\/wp\/v2\/pages\/853","targetHints":{"allow":["GET"]}}],"collection":[{"href":"https:\/\/puckopetrol.mk\/tr\/wp-json\/wp\/v2\/pages"}],"about":[{"href":"https:\/\/puckopetrol.mk\/tr\/wp-json\/wp\/v2\/types\/page"}],"author":[{"embeddable":true,"href":"https:\/\/puckopetrol.mk\/tr\/wp-json\/wp\/v2\/users\/1"}],"replies":[{"embeddable":true,"href":"https:\/\/puckopetrol.mk\/tr\/wp-json\/wp\/v2\/comments?post=853"}],"version-history":[{"count":25,"href":"https:\/\/puckopetrol.mk\/tr\/wp-json\/wp\/v2\/pages\/853\/revisions"}],"predecessor-version":[{"id":1334,"href":"https:\/\/puckopetrol.mk\/tr\/wp-json\/wp\/v2\/pages\/853\/revisions\/1334"}],"wp:attachment":[{"href":"https:\/\/puckopetrol.mk\/tr\/wp-json\/wp\/v2\/media?parent=853"}],"curies":[{"name":"wp","href":"https:\/\/api.w.org\/{rel}","templated":true}]}}